{"id":97,"date":"2024-11-22T17:32:34","date_gmt":"2024-11-22T17:32:34","guid":{"rendered":"https:\/\/adilcan.pt\/pt\/?page_id=97"},"modified":"2024-11-26T12:31:39","modified_gmt":"2024-11-26T12:31:39","slug":"associados","status":"publish","type":"page","link":"https:\/\/adilcan.pt\/pt\/associados\/","title":{"rendered":"Associados"},"content":{"rendered":"\n<p><\/p>\n\n\n\n<p>Munic\u00edpio de Ansi\u00e3o<\/p>\n\n\n\n<p>Associa\u00e7\u00e3o Empresarial de Ansi\u00e3o<\/p>\n\n\n\n<p>Caixa de Cr\u00e9dito Agr\u00edcola Centro Litoral, CRL<\/p>\n\n\n\n<p>Turismo Centro de Portugal<\/p>\n\n\n\n<p>Cooperativa Agropecu\u00e1ria do Sudoeste Beir\u00e3o<\/p>\n\n\n\n<p>Associa\u00e7\u00e3o Humanit\u00e1ria dos Bombeiros Volunt\u00e1rios de Ansi\u00e3o<\/p>\n\n\n\n<p>Junta de Freguesia de Alvorge<\/p>\n\n\n\n<p>Junta de Freguesia de Avelar<\/p>\n\n\n\n<p>Junta de Freguesia de Ansi\u00e3o<\/p>\n\n\n\n<p>Junta de Freguesia de Ch\u00e3o de Couce<\/p>\n\n\n\n<p>Junta de Freguesia de Pousaflores<\/p>\n\n\n\n<p>Junta de Freguesia de Santiago da Guarda<\/p>\n\n\n\n<p><\/p>\n","protected":false},"excerpt":{"rendered":"<p>Munic\u00edpio de Ansi\u00e3o Associa\u00e7\u00e3o Empresarial de Ansi\u00e3o Caixa de Cr\u00e9dito Agr\u00edcola Centro Litoral, CRL Turismo Centro de Portugal Cooperativa Agropecu\u00e1ria do Sudoeste Beir\u00e3o Associa\u00e7\u00e3o Humanit\u00e1ria dos Bombeiros Volunt\u00e1rios de Ansi\u00e3o Junta de Freguesia de Alvorge Junta de Freguesia de Avelar Junta de Freguesia de Ansi\u00e3o Junta de Freguesia de Ch\u00e3o de Couce Junta de Freguesia [&hellip;]<\/p>\n","protected":false},"author":1,"featured_media":0,"parent":0,"menu_order":0,"comment_status":"closed","ping_status":"closed","template":"","meta":{"footnotes":""},"class_list":["post-97","page","type-page","status-publish","hentry"],"yoast_head":"<!-- This site is optimized with the Yoast SEO plugin v25.6 - https:\/\/yoast.com\/wordpress\/plugins\/seo\/ -->\n<title>Associados - Adilcan - Associa\u00e7\u00e3o de Desenvolvimento e Iniciativas Locais do Concelho de Ansi\u00e3o<\/title>\n<meta name=\"robots\" content=\"index, follow, max-snippet:-1, max-image-preview:large, max-video-preview:-1\" \/>\n<link rel=\"canonical\" href=\"https:\/\/adilcan.pt\/pt\/associados\/\" \/>\n<meta property=\"og:locale\" content=\"pt_PT\" \/>\n<meta property=\"og:type\" content=\"article\" \/>\n<meta property=\"og:title\" content=\"Associados - Adilcan - Associa\u00e7\u00e3o de Desenvolvimento e Iniciativas Locais do Concelho de Ansi\u00e3o\" \/>\n<meta property=\"og:description\" content=\"Munic\u00edpio de Ansi\u00e3o Associa\u00e7\u00e3o Empresarial de Ansi\u00e3o Caixa de Cr\u00e9dito Agr\u00edcola Centro Litoral, CRL Turismo Centro de Portugal Cooperativa Agropecu\u00e1ria do Sudoeste Beir\u00e3o Associa\u00e7\u00e3o Humanit\u00e1ria dos Bombeiros Volunt\u00e1rios de Ansi\u00e3o Junta de Freguesia de Alvorge Junta de Freguesia de Avelar Junta de Freguesia de Ansi\u00e3o Junta de Freguesia de Ch\u00e3o de Couce Junta de Freguesia [&hellip;]\" \/>\n<meta property=\"og:url\" content=\"https:\/\/adilcan.pt\/pt\/associados\/\" \/>\n<meta property=\"og:site_name\" content=\"Adilcan - Associa\u00e7\u00e3o de Desenvolvimento e Iniciativas Locais do Concelho de Ansi\u00e3o\" \/>\n<meta property=\"article:publisher\" content=\"https:\/\/www.facebook.com\/AssDesenvIniciativasLocais\" \/>\n<meta property=\"article:modified_time\" content=\"2024-11-26T12:31:39+00:00\" \/>\n<meta name=\"twitter:card\" content=\"summary_large_image\" \/>\n<meta name=\"twitter:label1\" content=\"Tempo estimado de leitura\" \/>\n\t<meta name=\"twitter:data1\" content=\"1 minuto\" \/>\n<script type=\"application\/ld+json\" class=\"yoast-schema-graph\">{\"@context\":\"https:\/\/schema.org\",\"@graph\":[{\"@type\":\"WebPage\",\"@id\":\"https:\/\/adilcan.pt\/pt\/associados\/\",\"url\":\"https:\/\/adilcan.pt\/pt\/associados\/\",\"name\":\"Associados - Adilcan - Associa\u00e7\u00e3o de Desenvolvimento e Iniciativas Locais do Concelho de Ansi\u00e3o\",\"isPartOf\":{\"@id\":\"https:\/\/adilcan.pt\/pt\/#website\"},\"datePublished\":\"2024-11-22T17:32:34+00:00\",\"dateModified\":\"2024-11-26T12:31:39+00:00\",\"breadcrumb\":{\"@id\":\"https:\/\/adilcan.pt\/pt\/associados\/#breadcrumb\"},\"inLanguage\":\"pt-PT\",\"potentialAction\":[{\"@type\":\"ReadAction\",\"target\":[\"https:\/\/adilcan.pt\/pt\/associados\/\"]}]},{\"@type\":\"BreadcrumbList\",\"@id\":\"https:\/\/adilcan.pt\/pt\/associados\/#breadcrumb\",\"itemListElement\":[{\"@type\":\"ListItem\",\"position\":1,\"name\":\"In\u00edcio\",\"item\":\"https:\/\/adilcan.pt\/pt\/\"},{\"@type\":\"ListItem\",\"position\":2,\"name\":\"Associados\"}]},{\"@type\":\"WebSite\",\"@id\":\"https:\/\/adilcan.pt\/pt\/#website\",\"url\":\"https:\/\/adilcan.pt\/pt\/\",\"name\":\"Adilcan - Asocia\u00e7\u00e3o de Desenvolvimento e Iniciativas Locais do Concelho de Ansi\u00e3o\",\"description\":\"Adilcan - Associa\u00e7\u00e3o de Desenvolvimento e Iniciativas Locais do Concelho de Ansi\u00e3o\",\"publisher\":{\"@id\":\"https:\/\/adilcan.pt\/pt\/#organization\"},\"potentialAction\":[{\"@type\":\"SearchAction\",\"target\":{\"@type\":\"EntryPoint\",\"urlTemplate\":\"https:\/\/adilcan.pt\/pt\/?s={search_term_string}\"},\"query-input\":{\"@type\":\"PropertyValueSpecification\",\"valueRequired\":true,\"valueName\":\"search_term_string\"}}],\"inLanguage\":\"pt-PT\"},{\"@type\":\"Organization\",\"@id\":\"https:\/\/adilcan.pt\/pt\/#organization\",\"name\":\"Adilcan - Asocia\u00e7\u00e3o de Desenvolvimento e Iniciativas Locais do Concelho de Ansi\u00e3o\",\"url\":\"https:\/\/adilcan.pt\/pt\/\",\"logo\":{\"@type\":\"ImageObject\",\"inLanguage\":\"pt-PT\",\"@id\":\"https:\/\/adilcan.pt\/pt\/#\/schema\/logo\/image\/\",\"url\":\"https:\/\/adilcan.pt\/pt\/wp-content\/uploads\/2024\/11\/LOGO_Adilcan.png\",\"contentUrl\":\"https:\/\/adilcan.pt\/pt\/wp-content\/uploads\/2024\/11\/LOGO_Adilcan.png\",\"width\":384,\"height\":264,\"caption\":\"Adilcan - Asocia\u00e7\u00e3o de Desenvolvimento e Iniciativas Locais do Concelho de Ansi\u00e3o\"},\"image\":{\"@id\":\"https:\/\/adilcan.pt\/pt\/#\/schema\/logo\/image\/\"},\"sameAs\":[\"https:\/\/www.facebook.com\/AssDesenvIniciativasLocais\"]}]}<\/script>\n<!-- \/ Yoast SEO plugin. -->","yoast_head_json":{"title":"Associados - Adilcan - Associa\u00e7\u00e3o de Desenvolvimento e Iniciativas Locais do Concelho de Ansi\u00e3o","robots":{"index":"index","follow":"follow","max-snippet":"max-snippet:-1","max-image-preview":"max-image-preview:large","max-video-preview":"max-video-preview:-1"},"canonical":"https:\/\/adilcan.pt\/pt\/associados\/","og_locale":"pt_PT","og_type":"article","og_title":"Associados - Adilcan - Associa\u00e7\u00e3o de Desenvolvimento e Iniciativas Locais do Concelho de Ansi\u00e3o","og_description":"Munic\u00edpio de Ansi\u00e3o Associa\u00e7\u00e3o Empresarial de Ansi\u00e3o Caixa de Cr\u00e9dito Agr\u00edcola Centro Litoral, CRL Turismo Centro de Portugal Cooperativa Agropecu\u00e1ria do Sudoeste Beir\u00e3o Associa\u00e7\u00e3o Humanit\u00e1ria dos Bombeiros Volunt\u00e1rios de Ansi\u00e3o Junta de Freguesia de Alvorge Junta de Freguesia de Avelar Junta de Freguesia de Ansi\u00e3o Junta de Freguesia de Ch\u00e3o de Couce Junta de Freguesia [&hellip;]","og_url":"https:\/\/adilcan.pt\/pt\/associados\/","og_site_name":"Adilcan - Associa\u00e7\u00e3o de Desenvolvimento e Iniciativas Locais do Concelho de Ansi\u00e3o","article_publisher":"https:\/\/www.facebook.com\/AssDesenvIniciativasLocais","article_modified_time":"2024-11-26T12:31:39+00:00","twitter_card":"summary_large_image","twitter_misc":{"Tempo estimado de leitura":"1 minuto"},"schema":{"@context":"https:\/\/schema.org","@graph":[{"@type":"WebPage","@id":"https:\/\/adilcan.pt\/pt\/associados\/","url":"https:\/\/adilcan.pt\/pt\/associados\/","name":"Associados - Adilcan - Associa\u00e7\u00e3o de Desenvolvimento e Iniciativas Locais do Concelho de Ansi\u00e3o","isPartOf":{"@id":"https:\/\/adilcan.pt\/pt\/#website"},"datePublished":"2024-11-22T17:32:34+00:00","dateModified":"2024-11-26T12:31:39+00:00","breadcrumb":{"@id":"https:\/\/adilcan.pt\/pt\/associados\/#breadcrumb"},"inLanguage":"pt-PT","potentialAction":[{"@type":"ReadAction","target":["https:\/\/adilcan.pt\/pt\/associados\/"]}]},{"@type":"BreadcrumbList","@id":"https:\/\/adilcan.pt\/pt\/associados\/#breadcrumb","itemListElement":[{"@type":"ListItem","position":1,"name":"In\u00edcio","item":"https:\/\/adilcan.pt\/pt\/"},{"@type":"ListItem","position":2,"name":"Associados"}]},{"@type":"WebSite","@id":"https:\/\/adilcan.pt\/pt\/#website","url":"https:\/\/adilcan.pt\/pt\/","name":"Adilcan - Asocia\u00e7\u00e3o de Desenvolvimento e Iniciativas Locais do Concelho de Ansi\u00e3o","description":"Adilcan - Associa\u00e7\u00e3o de Desenvolvimento e Iniciativas Locais do Concelho de Ansi\u00e3o","publisher":{"@id":"https:\/\/adilcan.pt\/pt\/#organization"},"potentialAction":[{"@type":"SearchAction","target":{"@type":"EntryPoint","urlTemplate":"https:\/\/adilcan.pt\/pt\/?s={search_term_string}"},"query-input":{"@type":"PropertyValueSpecification","valueRequired":true,"valueName":"search_term_string"}}],"inLanguage":"pt-PT"},{"@type":"Organization","@id":"https:\/\/adilcan.pt\/pt\/#organization","name":"Adilcan - Asocia\u00e7\u00e3o de Desenvolvimento e Iniciativas Locais do Concelho de Ansi\u00e3o","url":"https:\/\/adilcan.pt\/pt\/","logo":{"@type":"ImageObject","inLanguage":"pt-PT","@id":"https:\/\/adilcan.pt\/pt\/#\/schema\/logo\/image\/","url":"https:\/\/adilcan.pt\/pt\/wp-content\/uploads\/2024\/11\/LOGO_Adilcan.png","contentUrl":"https:\/\/adilcan.pt\/pt\/wp-content\/uploads\/2024\/11\/LOGO_Adilcan.png","width":384,"height":264,"caption":"Adilcan - Asocia\u00e7\u00e3o de Desenvolvimento e Iniciativas Locais do Concelho de Ansi\u00e3o"},"image":{"@id":"https:\/\/adilcan.pt\/pt\/#\/schema\/logo\/image\/"},"sameAs":["https:\/\/www.facebook.com\/AssDesenvIniciativasLocais"]}]}},"_links":{"self":[{"href":"https:\/\/adilcan.pt\/pt\/wp-json\/wp\/v2\/pages\/97","targetHints":{"allow":["GET"]}}],"collection":[{"href":"https:\/\/adilcan.pt\/pt\/wp-json\/wp\/v2\/pages"}],"about":[{"href":"https:\/\/adilcan.pt\/pt\/wp-json\/wp\/v2\/types\/page"}],"author":[{"embeddable":true,"href":"https:\/\/adilcan.pt\/pt\/wp-json\/wp\/v2\/users\/1"}],"replies":[{"embeddable":true,"href":"https:\/\/adilcan.pt\/pt\/wp-json\/wp\/v2\/comments?post=97"}],"version-history":[{"count":3,"href":"https:\/\/adilcan.pt\/pt\/wp-json\/wp\/v2\/pages\/97\/revisions"}],"predecessor-version":[{"id":176,"href":"https:\/\/adilcan.pt\/pt\/wp-json\/wp\/v2\/pages\/97\/revisions\/176"}],"wp:attachment":[{"href":"https:\/\/adilcan.pt\/pt\/wp-json\/wp\/v2\/media?parent=97"}],"curies":[{"name":"wp","href":"https:\/\/api.w.org\/{rel}","templated":true}]}}