{"id":94,"date":"2024-11-22T17:28:07","date_gmt":"2024-11-22T17:28:07","guid":{"rendered":"https:\/\/adilcan.pt\/pt\/?page_id=94"},"modified":"2024-11-22T17:50:43","modified_gmt":"2024-11-22T17:50:43","slug":"corpos-sociais","status":"publish","type":"page","link":"https:\/\/adilcan.pt\/pt\/corpos-sociais\/","title":{"rendered":"Corpos Sociais"},"content":{"rendered":"\n<p><\/p>\n\n\n\n<p><strong>Dire\u00e7\u00e3o<\/strong><\/p>\n\n\n\n<p><strong>Presidente<\/strong> | Munic\u00edpio de Ansi\u00e3o | Paula Cristina Rodrigues da Silva Bernardino<\/p>\n\n\n\n<p><strong>Vogal<\/strong> | Caixa de Cr\u00e9dito M\u00fatuo Agr\u00edcola Centro Litoral, C.R.L. | Il\u00eddio Batista<\/p>\n\n\n\n<p><strong>Vogal<\/strong> | AEDA &#8211; Associa\u00e7\u00e3o Empresarial de Ansi\u00e3o | Hugo Miguel Sim\u00f5es Bairrada <\/p>\n\n\n\n<p><\/p>\n\n\n\n<p><strong>Mesa de Assembleia Geral<\/strong><\/p>\n\n\n\n<p><strong>Presidente<\/strong> | Junta de Freguesia de Ch\u00e3o de Couce | Fernando Jorge Batista Rodrigues<\/p>\n\n\n\n<p><strong>Vogal<\/strong> | Junta de Freguesia de Pousaflores | Carlos Manuel de Jesus Mendes<\/p>\n\n\n\n<p><strong>Vogal<\/strong> | Junta de Freguesia de Santiago da Guarda | David Manuel Batista Rodrigues<\/p>\n\n\n\n<p><\/p>\n\n\n\n<p><strong>Conselho Fiscal<\/strong><\/p>\n\n\n\n<p><strong>Presidente <\/strong>| Junta de Freguesia de Avelar | Fernando In\u00e1cio Pires Medeiros<\/p>\n\n\n\n<p><strong>Vogal <\/strong>| Junta de Freguesia de Ansi\u00e3o | Jorge Humberto Fernandes Cancelinha<\/p>\n\n\n\n<p><strong>Vogal <\/strong>| Junta de Freguesia de Alvorge | Carlos Jorge Ferrete Anast\u00e1cio<\/p>\n","protected":false},"excerpt":{"rendered":"<p>Dire\u00e7\u00e3o Presidente | Munic\u00edpio de Ansi\u00e3o | Paula Cristina Rodrigues da Silva Bernardino Vogal | Caixa de Cr\u00e9dito M\u00fatuo Agr\u00edcola Centro Litoral, C.R.L. | Il\u00eddio Batista Vogal | AEDA &#8211; Associa\u00e7\u00e3o Empresarial de Ansi\u00e3o | Hugo Miguel Sim\u00f5es Bairrada Mesa de Assembleia Geral Presidente | Junta de Freguesia de Ch\u00e3o de Couce | Fernando Jorge [&hellip;]<\/p>\n","protected":false},"author":1,"featured_media":0,"parent":0,"menu_order":0,"comment_status":"closed","ping_status":"closed","template":"","meta":{"footnotes":""},"class_list":["post-94","page","type-page","status-publish","hentry"],"yoast_head":"<!-- This site is optimized with the Yoast SEO plugin v25.6 - https:\/\/yoast.com\/wordpress\/plugins\/seo\/ -->\n<title>Corpos Sociais - Adilcan - Associa\u00e7\u00e3o de Desenvolvimento e Iniciativas Locais do Concelho de Ansi\u00e3o<\/title>\n<meta name=\"robots\" content=\"index, follow, max-snippet:-1, max-image-preview:large, max-video-preview:-1\" \/>\n<link rel=\"canonical\" href=\"https:\/\/adilcan.pt\/pt\/corpos-sociais\/\" \/>\n<meta property=\"og:locale\" content=\"pt_PT\" \/>\n<meta property=\"og:type\" content=\"article\" \/>\n<meta property=\"og:title\" content=\"Corpos Sociais - Adilcan - Associa\u00e7\u00e3o de Desenvolvimento e Iniciativas Locais do Concelho de Ansi\u00e3o\" \/>\n<meta property=\"og:description\" content=\"Dire\u00e7\u00e3o Presidente | Munic\u00edpio de Ansi\u00e3o | Paula Cristina Rodrigues da Silva Bernardino Vogal | Caixa de Cr\u00e9dito M\u00fatuo Agr\u00edcola Centro Litoral, C.R.L. | Il\u00eddio Batista Vogal | AEDA &#8211; Associa\u00e7\u00e3o Empresarial de Ansi\u00e3o | Hugo Miguel Sim\u00f5es Bairrada Mesa de Assembleia Geral Presidente | Junta de Freguesia de Ch\u00e3o de Couce | Fernando Jorge [&hellip;]\" \/>\n<meta property=\"og:url\" content=\"https:\/\/adilcan.pt\/pt\/corpos-sociais\/\" \/>\n<meta property=\"og:site_name\" content=\"Adilcan - Associa\u00e7\u00e3o de Desenvolvimento e Iniciativas Locais do Concelho de Ansi\u00e3o\" \/>\n<meta property=\"article:publisher\" content=\"https:\/\/www.facebook.com\/AssDesenvIniciativasLocais\" \/>\n<meta property=\"article:modified_time\" content=\"2024-11-22T17:50:43+00:00\" \/>\n<meta name=\"twitter:card\" content=\"summary_large_image\" \/>\n<meta name=\"twitter:label1\" content=\"Tempo estimado de leitura\" \/>\n\t<meta name=\"twitter:data1\" content=\"1 minuto\" \/>\n<script type=\"application\/ld+json\" class=\"yoast-schema-graph\">{\"@context\":\"https:\/\/schema.org\",\"@graph\":[{\"@type\":\"WebPage\",\"@id\":\"https:\/\/adilcan.pt\/pt\/corpos-sociais\/\",\"url\":\"https:\/\/adilcan.pt\/pt\/corpos-sociais\/\",\"name\":\"Corpos Sociais - Adilcan - Associa\u00e7\u00e3o de Desenvolvimento e Iniciativas Locais do Concelho de Ansi\u00e3o\",\"isPartOf\":{\"@id\":\"https:\/\/adilcan.pt\/pt\/#website\"},\"datePublished\":\"2024-11-22T17:28:07+00:00\",\"dateModified\":\"2024-11-22T17:50:43+00:00\",\"breadcrumb\":{\"@id\":\"https:\/\/adilcan.pt\/pt\/corpos-sociais\/#breadcrumb\"},\"inLanguage\":\"pt-PT\",\"potentialAction\":[{\"@type\":\"ReadAction\",\"target\":[\"https:\/\/adilcan.pt\/pt\/corpos-sociais\/\"]}]},{\"@type\":\"BreadcrumbList\",\"@id\":\"https:\/\/adilcan.pt\/pt\/corpos-sociais\/#breadcrumb\",\"itemListElement\":[{\"@type\":\"ListItem\",\"position\":1,\"name\":\"In\u00edcio\",\"item\":\"https:\/\/adilcan.pt\/pt\/\"},{\"@type\":\"ListItem\",\"position\":2,\"name\":\"Corpos Sociais\"}]},{\"@type\":\"WebSite\",\"@id\":\"https:\/\/adilcan.pt\/pt\/#website\",\"url\":\"https:\/\/adilcan.pt\/pt\/\",\"name\":\"Adilcan - Asocia\u00e7\u00e3o de Desenvolvimento e Iniciativas Locais do Concelho de Ansi\u00e3o\",\"description\":\"Adilcan - Associa\u00e7\u00e3o de Desenvolvimento e Iniciativas Locais do Concelho de Ansi\u00e3o\",\"publisher\":{\"@id\":\"https:\/\/adilcan.pt\/pt\/#organization\"},\"potentialAction\":[{\"@type\":\"SearchAction\",\"target\":{\"@type\":\"EntryPoint\",\"urlTemplate\":\"https:\/\/adilcan.pt\/pt\/?s={search_term_string}\"},\"query-input\":{\"@type\":\"PropertyValueSpecification\",\"valueRequired\":true,\"valueName\":\"search_term_string\"}}],\"inLanguage\":\"pt-PT\"},{\"@type\":\"Organization\",\"@id\":\"https:\/\/adilcan.pt\/pt\/#organization\",\"name\":\"Adilcan - Asocia\u00e7\u00e3o de Desenvolvimento e Iniciativas Locais do Concelho de Ansi\u00e3o\",\"url\":\"https:\/\/adilcan.pt\/pt\/\",\"logo\":{\"@type\":\"ImageObject\",\"inLanguage\":\"pt-PT\",\"@id\":\"https:\/\/adilcan.pt\/pt\/#\/schema\/logo\/image\/\",\"url\":\"https:\/\/adilcan.pt\/pt\/wp-content\/uploads\/2024\/11\/LOGO_Adilcan.png\",\"contentUrl\":\"https:\/\/adilcan.pt\/pt\/wp-content\/uploads\/2024\/11\/LOGO_Adilcan.png\",\"width\":384,\"height\":264,\"caption\":\"Adilcan - Asocia\u00e7\u00e3o de Desenvolvimento e Iniciativas Locais do Concelho de Ansi\u00e3o\"},\"image\":{\"@id\":\"https:\/\/adilcan.pt\/pt\/#\/schema\/logo\/image\/\"},\"sameAs\":[\"https:\/\/www.facebook.com\/AssDesenvIniciativasLocais\"]}]}<\/script>\n<!-- \/ Yoast SEO plugin. -->","yoast_head_json":{"title":"Corpos Sociais - Adilcan - Associa\u00e7\u00e3o de Desenvolvimento e Iniciativas Locais do Concelho de Ansi\u00e3o","robots":{"index":"index","follow":"follow","max-snippet":"max-snippet:-1","max-image-preview":"max-image-preview:large","max-video-preview":"max-video-preview:-1"},"canonical":"https:\/\/adilcan.pt\/pt\/corpos-sociais\/","og_locale":"pt_PT","og_type":"article","og_title":"Corpos Sociais - Adilcan - Associa\u00e7\u00e3o de Desenvolvimento e Iniciativas Locais do Concelho de Ansi\u00e3o","og_description":"Dire\u00e7\u00e3o Presidente | Munic\u00edpio de Ansi\u00e3o | Paula Cristina Rodrigues da Silva Bernardino Vogal | Caixa de Cr\u00e9dito M\u00fatuo Agr\u00edcola Centro Litoral, C.R.L. | Il\u00eddio Batista Vogal | AEDA &#8211; Associa\u00e7\u00e3o Empresarial de Ansi\u00e3o | Hugo Miguel Sim\u00f5es Bairrada Mesa de Assembleia Geral Presidente | Junta de Freguesia de Ch\u00e3o de Couce | Fernando Jorge [&hellip;]","og_url":"https:\/\/adilcan.pt\/pt\/corpos-sociais\/","og_site_name":"Adilcan - Associa\u00e7\u00e3o de Desenvolvimento e Iniciativas Locais do Concelho de Ansi\u00e3o","article_publisher":"https:\/\/www.facebook.com\/AssDesenvIniciativasLocais","article_modified_time":"2024-11-22T17:50:43+00:00","twitter_card":"summary_large_image","twitter_misc":{"Tempo estimado de leitura":"1 minuto"},"schema":{"@context":"https:\/\/schema.org","@graph":[{"@type":"WebPage","@id":"https:\/\/adilcan.pt\/pt\/corpos-sociais\/","url":"https:\/\/adilcan.pt\/pt\/corpos-sociais\/","name":"Corpos Sociais - Adilcan - Associa\u00e7\u00e3o de Desenvolvimento e Iniciativas Locais do Concelho de Ansi\u00e3o","isPartOf":{"@id":"https:\/\/adilcan.pt\/pt\/#website"},"datePublished":"2024-11-22T17:28:07+00:00","dateModified":"2024-11-22T17:50:43+00:00","breadcrumb":{"@id":"https:\/\/adilcan.pt\/pt\/corpos-sociais\/#breadcrumb"},"inLanguage":"pt-PT","potentialAction":[{"@type":"ReadAction","target":["https:\/\/adilcan.pt\/pt\/corpos-sociais\/"]}]},{"@type":"BreadcrumbList","@id":"https:\/\/adilcan.pt\/pt\/corpos-sociais\/#breadcrumb","itemListElement":[{"@type":"ListItem","position":1,"name":"In\u00edcio","item":"https:\/\/adilcan.pt\/pt\/"},{"@type":"ListItem","position":2,"name":"Corpos Sociais"}]},{"@type":"WebSite","@id":"https:\/\/adilcan.pt\/pt\/#website","url":"https:\/\/adilcan.pt\/pt\/","name":"Adilcan - Asocia\u00e7\u00e3o de Desenvolvimento e Iniciativas Locais do Concelho de Ansi\u00e3o","description":"Adilcan - Associa\u00e7\u00e3o de Desenvolvimento e Iniciativas Locais do Concelho de Ansi\u00e3o","publisher":{"@id":"https:\/\/adilcan.pt\/pt\/#organization"},"potentialAction":[{"@type":"SearchAction","target":{"@type":"EntryPoint","urlTemplate":"https:\/\/adilcan.pt\/pt\/?s={search_term_string}"},"query-input":{"@type":"PropertyValueSpecification","valueRequired":true,"valueName":"search_term_string"}}],"inLanguage":"pt-PT"},{"@type":"Organization","@id":"https:\/\/adilcan.pt\/pt\/#organization","name":"Adilcan - Asocia\u00e7\u00e3o de Desenvolvimento e Iniciativas Locais do Concelho de Ansi\u00e3o","url":"https:\/\/adilcan.pt\/pt\/","logo":{"@type":"ImageObject","inLanguage":"pt-PT","@id":"https:\/\/adilcan.pt\/pt\/#\/schema\/logo\/image\/","url":"https:\/\/adilcan.pt\/pt\/wp-content\/uploads\/2024\/11\/LOGO_Adilcan.png","contentUrl":"https:\/\/adilcan.pt\/pt\/wp-content\/uploads\/2024\/11\/LOGO_Adilcan.png","width":384,"height":264,"caption":"Adilcan - Asocia\u00e7\u00e3o de Desenvolvimento e Iniciativas Locais do Concelho de Ansi\u00e3o"},"image":{"@id":"https:\/\/adilcan.pt\/pt\/#\/schema\/logo\/image\/"},"sameAs":["https:\/\/www.facebook.com\/AssDesenvIniciativasLocais"]}]}},"_links":{"self":[{"href":"https:\/\/adilcan.pt\/pt\/wp-json\/wp\/v2\/pages\/94","targetHints":{"allow":["GET"]}}],"collection":[{"href":"https:\/\/adilcan.pt\/pt\/wp-json\/wp\/v2\/pages"}],"about":[{"href":"https:\/\/adilcan.pt\/pt\/wp-json\/wp\/v2\/types\/page"}],"author":[{"embeddable":true,"href":"https:\/\/adilcan.pt\/pt\/wp-json\/wp\/v2\/users\/1"}],"replies":[{"embeddable":true,"href":"https:\/\/adilcan.pt\/pt\/wp-json\/wp\/v2\/comments?post=94"}],"version-history":[{"count":3,"href":"https:\/\/adilcan.pt\/pt\/wp-json\/wp\/v2\/pages\/94\/revisions"}],"predecessor-version":[{"id":102,"href":"https:\/\/adilcan.pt\/pt\/wp-json\/wp\/v2\/pages\/94\/revisions\/102"}],"wp:attachment":[{"href":"https:\/\/adilcan.pt\/pt\/wp-json\/wp\/v2\/media?parent=94"}],"curies":[{"name":"wp","href":"https:\/\/api.w.org\/{rel}","templated":true}]}}