{"id":59,"date":"2024-11-22T15:32:48","date_gmt":"2024-11-22T15:32:48","guid":{"rendered":"https:\/\/adilcan.pt\/pt\/home-3\/"},"modified":"2025-07-29T11:27:32","modified_gmt":"2025-07-29T11:27:32","slug":"home-3","status":"publish","type":"page","link":"https:\/\/adilcan.pt\/pt\/","title":{"rendered":"Home"},"content":{"rendered":"\n<figure class=\"wp-block-image size-large\"><img  title=\"\" loading=\"lazy\" decoding=\"async\" width=\"1024\" height=\"119\" src=\"https:\/\/adilcan.pt\/pt\/wp-content\/uploads\/2025\/07\/co-financiado_1-1-1024x119.jpg\"  alt=\"co-financiado_1-1-1024x119 Home\"  class=\"wp-image-216\" srcset=\"https:\/\/adilcan.pt\/pt\/wp-content\/uploads\/2025\/07\/co-financiado_1-1-1024x119.jpg 1024w, https:\/\/adilcan.pt\/pt\/wp-content\/uploads\/2025\/07\/co-financiado_1-1-300x35.jpg 300w, https:\/\/adilcan.pt\/pt\/wp-content\/uploads\/2025\/07\/co-financiado_1-1-768x90.jpg 768w, https:\/\/adilcan.pt\/pt\/wp-content\/uploads\/2025\/07\/co-financiado_1-1-1536x179.jpg 1536w, https:\/\/adilcan.pt\/pt\/wp-content\/uploads\/2025\/07\/co-financiado_1-1.jpg 1723w\" sizes=\"auto, (max-width: 1024px) 100vw, 1024px\" \/><\/figure>\n\n\n\n<figure class=\"wp-block-image size-large\"><img  title=\"\" loading=\"lazy\" decoding=\"async\" width=\"1024\" height=\"119\" src=\"https:\/\/adilcan.pt\/pt\/wp-content\/uploads\/2025\/07\/co-financiado_1-2-1024x119.jpg\"  alt=\"co-financiado_1-2-1024x119 Home\"  class=\"wp-image-219\" srcset=\"https:\/\/adilcan.pt\/pt\/wp-content\/uploads\/2025\/07\/co-financiado_1-2-1024x119.jpg 1024w, https:\/\/adilcan.pt\/pt\/wp-content\/uploads\/2025\/07\/co-financiado_1-2-300x35.jpg 300w, https:\/\/adilcan.pt\/pt\/wp-content\/uploads\/2025\/07\/co-financiado_1-2-768x90.jpg 768w, https:\/\/adilcan.pt\/pt\/wp-content\/uploads\/2025\/07\/co-financiado_1-2-1536x179.jpg 1536w, https:\/\/adilcan.pt\/pt\/wp-content\/uploads\/2025\/07\/co-financiado_1-2.jpg 1723w\" sizes=\"auto, (max-width: 1024px) 100vw, 1024px\" \/><\/figure>\n\n\n\n<p><\/p>\n","protected":false},"excerpt":{"rendered":"","protected":false},"author":1,"featured_media":0,"parent":0,"menu_order":0,"comment_status":"closed","ping_status":"closed","template":"","meta":{"footnotes":""},"class_list":["post-59","page","type-page","status-publish","hentry"],"yoast_head":"<!-- This site is optimized with the Yoast SEO plugin v25.6 - https:\/\/yoast.com\/wordpress\/plugins\/seo\/ -->\n<title>Home - Adilcan - Associa\u00e7\u00e3o de Desenvolvimento e Iniciativas Locais do Concelho de Ansi\u00e3o<\/title>\n<meta name=\"robots\" content=\"index, follow, max-snippet:-1, max-image-preview:large, max-video-preview:-1\" \/>\n<link rel=\"canonical\" href=\"https:\/\/adilcan.pt\/pt\/\" \/>\n<meta property=\"og:locale\" content=\"pt_PT\" \/>\n<meta property=\"og:type\" content=\"article\" \/>\n<meta property=\"og:title\" content=\"Home - Adilcan - Associa\u00e7\u00e3o de Desenvolvimento e Iniciativas Locais do Concelho de Ansi\u00e3o\" \/>\n<meta property=\"og:url\" content=\"https:\/\/adilcan.pt\/pt\/\" \/>\n<meta property=\"og:site_name\" content=\"Adilcan - Associa\u00e7\u00e3o de Desenvolvimento e Iniciativas Locais do Concelho de Ansi\u00e3o\" \/>\n<meta property=\"article:publisher\" content=\"https:\/\/www.facebook.com\/AssDesenvIniciativasLocais\" \/>\n<meta property=\"article:modified_time\" content=\"2025-07-29T11:27:32+00:00\" \/>\n<meta property=\"og:image\" content=\"https:\/\/adilcan.pt\/pt\/wp-content\/uploads\/2025\/07\/co-financiado_1-1.jpg\" \/>\n\t<meta property=\"og:image:width\" content=\"1723\" \/>\n\t<meta property=\"og:image:height\" content=\"201\" \/>\n\t<meta property=\"og:image:type\" content=\"image\/jpeg\" \/>\n<meta name=\"twitter:card\" content=\"summary_large_image\" \/>\n<meta name=\"twitter:label1\" content=\"Tempo estimado de leitura\" \/>\n\t<meta name=\"twitter:data1\" content=\"1 minuto\" \/>\n<script type=\"application\/ld+json\" class=\"yoast-schema-graph\">{\"@context\":\"https:\/\/schema.org\",\"@graph\":[{\"@type\":\"WebPage\",\"@id\":\"https:\/\/adilcan.pt\/pt\/\",\"url\":\"https:\/\/adilcan.pt\/pt\/\",\"name\":\"Home - Adilcan - Associa\u00e7\u00e3o de Desenvolvimento e Iniciativas Locais do Concelho de Ansi\u00e3o\",\"isPartOf\":{\"@id\":\"https:\/\/adilcan.pt\/pt\/#website\"},\"primaryImageOfPage\":{\"@id\":\"https:\/\/adilcan.pt\/pt\/#primaryimage\"},\"image\":{\"@id\":\"https:\/\/adilcan.pt\/pt\/#primaryimage\"},\"thumbnailUrl\":\"https:\/\/adilcan.pt\/pt\/wp-content\/uploads\/2025\/07\/co-financiado_1-1-1024x119.jpg\",\"datePublished\":\"2024-11-22T15:32:48+00:00\",\"dateModified\":\"2025-07-29T11:27:32+00:00\",\"breadcrumb\":{\"@id\":\"https:\/\/adilcan.pt\/pt\/#breadcrumb\"},\"inLanguage\":\"pt-PT\",\"potentialAction\":[{\"@type\":\"ReadAction\",\"target\":[\"https:\/\/adilcan.pt\/pt\/\"]}]},{\"@type\":\"ImageObject\",\"inLanguage\":\"pt-PT\",\"@id\":\"https:\/\/adilcan.pt\/pt\/#primaryimage\",\"url\":\"https:\/\/adilcan.pt\/pt\/wp-content\/uploads\/2025\/07\/co-financiado_1-1.jpg\",\"contentUrl\":\"https:\/\/adilcan.pt\/pt\/wp-content\/uploads\/2025\/07\/co-financiado_1-1.jpg\",\"width\":1723,\"height\":201},{\"@type\":\"BreadcrumbList\",\"@id\":\"https:\/\/adilcan.pt\/pt\/#breadcrumb\",\"itemListElement\":[{\"@type\":\"ListItem\",\"position\":1,\"name\":\"In\u00edcio\",\"item\":\"https:\/\/adilcan.pt\/pt\/\"},{\"@type\":\"ListItem\",\"position\":2,\"name\":\"Home\"}]},{\"@type\":\"WebSite\",\"@id\":\"https:\/\/adilcan.pt\/pt\/#website\",\"url\":\"https:\/\/adilcan.pt\/pt\/\",\"name\":\"Adilcan - Asocia\u00e7\u00e3o de Desenvolvimento e Iniciativas Locais do Concelho de Ansi\u00e3o\",\"description\":\"Adilcan - Associa\u00e7\u00e3o de Desenvolvimento e Iniciativas Locais do Concelho de Ansi\u00e3o\",\"publisher\":{\"@id\":\"https:\/\/adilcan.pt\/pt\/#organization\"},\"potentialAction\":[{\"@type\":\"SearchAction\",\"target\":{\"@type\":\"EntryPoint\",\"urlTemplate\":\"https:\/\/adilcan.pt\/pt\/?s={search_term_string}\"},\"query-input\":{\"@type\":\"PropertyValueSpecification\",\"valueRequired\":true,\"valueName\":\"search_term_string\"}}],\"inLanguage\":\"pt-PT\"},{\"@type\":\"Organization\",\"@id\":\"https:\/\/adilcan.pt\/pt\/#organization\",\"name\":\"Adilcan - Asocia\u00e7\u00e3o de Desenvolvimento e Iniciativas Locais do Concelho de Ansi\u00e3o\",\"url\":\"https:\/\/adilcan.pt\/pt\/\",\"logo\":{\"@type\":\"ImageObject\",\"inLanguage\":\"pt-PT\",\"@id\":\"https:\/\/adilcan.pt\/pt\/#\/schema\/logo\/image\/\",\"url\":\"https:\/\/adilcan.pt\/pt\/wp-content\/uploads\/2024\/11\/LOGO_Adilcan.png\",\"contentUrl\":\"https:\/\/adilcan.pt\/pt\/wp-content\/uploads\/2024\/11\/LOGO_Adilcan.png\",\"width\":384,\"height\":264,\"caption\":\"Adilcan - Asocia\u00e7\u00e3o de Desenvolvimento e Iniciativas Locais do Concelho de Ansi\u00e3o\"},\"image\":{\"@id\":\"https:\/\/adilcan.pt\/pt\/#\/schema\/logo\/image\/\"},\"sameAs\":[\"https:\/\/www.facebook.com\/AssDesenvIniciativasLocais\"]}]}<\/script>\n<!-- \/ Yoast SEO plugin. -->","yoast_head_json":{"title":"Home - Adilcan - Associa\u00e7\u00e3o de Desenvolvimento e Iniciativas Locais do Concelho de Ansi\u00e3o","robots":{"index":"index","follow":"follow","max-snippet":"max-snippet:-1","max-image-preview":"max-image-preview:large","max-video-preview":"max-video-preview:-1"},"canonical":"https:\/\/adilcan.pt\/pt\/","og_locale":"pt_PT","og_type":"article","og_title":"Home - Adilcan - Associa\u00e7\u00e3o de Desenvolvimento e Iniciativas Locais do Concelho de Ansi\u00e3o","og_url":"https:\/\/adilcan.pt\/pt\/","og_site_name":"Adilcan - Associa\u00e7\u00e3o de Desenvolvimento e Iniciativas Locais do Concelho de Ansi\u00e3o","article_publisher":"https:\/\/www.facebook.com\/AssDesenvIniciativasLocais","article_modified_time":"2025-07-29T11:27:32+00:00","og_image":[{"width":1723,"height":201,"url":"https:\/\/adilcan.pt\/pt\/wp-content\/uploads\/2025\/07\/co-financiado_1-1.jpg","type":"image\/jpeg"}],"twitter_card":"summary_large_image","twitter_misc":{"Tempo estimado de leitura":"1 minuto"},"schema":{"@context":"https:\/\/schema.org","@graph":[{"@type":"WebPage","@id":"https:\/\/adilcan.pt\/pt\/","url":"https:\/\/adilcan.pt\/pt\/","name":"Home - Adilcan - Associa\u00e7\u00e3o de Desenvolvimento e Iniciativas Locais do Concelho de Ansi\u00e3o","isPartOf":{"@id":"https:\/\/adilcan.pt\/pt\/#website"},"primaryImageOfPage":{"@id":"https:\/\/adilcan.pt\/pt\/#primaryimage"},"image":{"@id":"https:\/\/adilcan.pt\/pt\/#primaryimage"},"thumbnailUrl":"https:\/\/adilcan.pt\/pt\/wp-content\/uploads\/2025\/07\/co-financiado_1-1-1024x119.jpg","datePublished":"2024-11-22T15:32:48+00:00","dateModified":"2025-07-29T11:27:32+00:00","breadcrumb":{"@id":"https:\/\/adilcan.pt\/pt\/#breadcrumb"},"inLanguage":"pt-PT","potentialAction":[{"@type":"ReadAction","target":["https:\/\/adilcan.pt\/pt\/"]}]},{"@type":"ImageObject","inLanguage":"pt-PT","@id":"https:\/\/adilcan.pt\/pt\/#primaryimage","url":"https:\/\/adilcan.pt\/pt\/wp-content\/uploads\/2025\/07\/co-financiado_1-1.jpg","contentUrl":"https:\/\/adilcan.pt\/pt\/wp-content\/uploads\/2025\/07\/co-financiado_1-1.jpg","width":1723,"height":201},{"@type":"BreadcrumbList","@id":"https:\/\/adilcan.pt\/pt\/#breadcrumb","itemListElement":[{"@type":"ListItem","position":1,"name":"In\u00edcio","item":"https:\/\/adilcan.pt\/pt\/"},{"@type":"ListItem","position":2,"name":"Home"}]},{"@type":"WebSite","@id":"https:\/\/adilcan.pt\/pt\/#website","url":"https:\/\/adilcan.pt\/pt\/","name":"Adilcan - Asocia\u00e7\u00e3o de Desenvolvimento e Iniciativas Locais do Concelho de Ansi\u00e3o","description":"Adilcan - Associa\u00e7\u00e3o de Desenvolvimento e Iniciativas Locais do Concelho de Ansi\u00e3o","publisher":{"@id":"https:\/\/adilcan.pt\/pt\/#organization"},"potentialAction":[{"@type":"SearchAction","target":{"@type":"EntryPoint","urlTemplate":"https:\/\/adilcan.pt\/pt\/?s={search_term_string}"},"query-input":{"@type":"PropertyValueSpecification","valueRequired":true,"valueName":"search_term_string"}}],"inLanguage":"pt-PT"},{"@type":"Organization","@id":"https:\/\/adilcan.pt\/pt\/#organization","name":"Adilcan - Asocia\u00e7\u00e3o de Desenvolvimento e Iniciativas Locais do Concelho de Ansi\u00e3o","url":"https:\/\/adilcan.pt\/pt\/","logo":{"@type":"ImageObject","inLanguage":"pt-PT","@id":"https:\/\/adilcan.pt\/pt\/#\/schema\/logo\/image\/","url":"https:\/\/adilcan.pt\/pt\/wp-content\/uploads\/2024\/11\/LOGO_Adilcan.png","contentUrl":"https:\/\/adilcan.pt\/pt\/wp-content\/uploads\/2024\/11\/LOGO_Adilcan.png","width":384,"height":264,"caption":"Adilcan - Asocia\u00e7\u00e3o de Desenvolvimento e Iniciativas Locais do Concelho de Ansi\u00e3o"},"image":{"@id":"https:\/\/adilcan.pt\/pt\/#\/schema\/logo\/image\/"},"sameAs":["https:\/\/www.facebook.com\/AssDesenvIniciativasLocais"]}]}},"_links":{"self":[{"href":"https:\/\/adilcan.pt\/pt\/wp-json\/wp\/v2\/pages\/59","targetHints":{"allow":["GET"]}}],"collection":[{"href":"https:\/\/adilcan.pt\/pt\/wp-json\/wp\/v2\/pages"}],"about":[{"href":"https:\/\/adilcan.pt\/pt\/wp-json\/wp\/v2\/types\/page"}],"author":[{"embeddable":true,"href":"https:\/\/adilcan.pt\/pt\/wp-json\/wp\/v2\/users\/1"}],"replies":[{"embeddable":true,"href":"https:\/\/adilcan.pt\/pt\/wp-json\/wp\/v2\/comments?post=59"}],"version-history":[{"count":5,"href":"https:\/\/adilcan.pt\/pt\/wp-json\/wp\/v2\/pages\/59\/revisions"}],"predecessor-version":[{"id":220,"href":"https:\/\/adilcan.pt\/pt\/wp-json\/wp\/v2\/pages\/59\/revisions\/220"}],"wp:attachment":[{"href":"https:\/\/adilcan.pt\/pt\/wp-json\/wp\/v2\/media?parent=59"}],"curies":[{"name":"wp","href":"https:\/\/api.w.org\/{rel}","templated":true}]}}