{"id":40,"date":"2024-09-25T09:12:55","date_gmt":"2024-09-25T09:12:55","guid":{"rendered":"https:\/\/adilcan.pt\/pt\/about\/"},"modified":"2024-11-22T18:05:35","modified_gmt":"2024-11-22T18:05:35","slug":"sobre-nos","status":"publish","type":"page","link":"https:\/\/adilcan.pt\/pt\/sobre-nos\/","title":{"rendered":"Sobre N\u00f3s"},"content":{"rendered":"\n<style>.wp-block-spice-blocks-spice-section.spicesectionea1bee6d{\n\t\t\t\t\tbackground-color:undefined;\n\t\t\t\t\tbackground-image:null;\n\t\t\t\t\tmargin: 0px auto 0px auto;\n\t\t\t\t\tpadding: 0px 0px 0px 0px;\n\t\t\t\t\tborder:   ;\n\t\t\t\t\tborder-top:null;\n\t\t\t\t\tborder-right:null;\n\t\t\t\t\tborder-bottom:null;\n\t\t\t\t\tborder-left:null;\n\t\t\t\t\tborder-radius: 0px 0px 0px 0px;\t\n\t\t\t\t\tbox-shadow: 0px 0px 0px #ADACAC;\n\t\t\t\t\tanimation-delay: undefinedms;\n\t\t\t\t\tbackground-position: ; \n\t\t\t\t\tbackground-repeat: no-repeat;\n\t\t\t\t\tbackground-size:;\n\t\t\t\t\tbackground-attachment: scroll;\n\t\t\t\t\tbackground-repeat: ;\n\t\t\t\t    z-index: undefined;\n\t\t\t\t\toverflow: auto;\n\t\t\t\t\tposition: relative;\n\t\t\t\t}\n\t\t\t\t.wp-block-spice-blocks-spice-section.spicesectionea1bee6d .spice-block.spice-block-container{\n\t\t\t     \t\tmax-width:1140px;\n\t\t\t     \t\tgap:30px\n\t\t\t     }\n\t\t\t    .wp-block-spice-blocks-spice-section.spicesectionea1bee6d .spice-block.spice-block-container-fluid{\n\t\t     \t\t   gap:30px;\n\t\t     \t}\n\t\t     \tundefined<\/style><div class=\"wp-block-spice-blocks-spice-section alignfull spicesectionea1bee6d spice-block-container-fluid wow animated\"><div class=\"spice-block spice-block-container\" id=\"undefined\">\n<style>.spice-block-col-20f45f79{\n\t\t\t\t\t\tbackground-color:undefined;\n\t\t\t\t\t\tbackground-image:null;\n\t\t\t\t\t\tmargin: 0px auto 0px auto;\n\t\t\t\t\t\tpadding: 0px 0px 0px 0px;\n\t\t\t\t\t\tborder:   ;\n\t\t\t\t\t\tborder-top:null;\n\t\t\t\t\t\tborder-right:null;\n\t\t\t\t\t\tborder-bottom:null;\n\t\t\t\t\t\tborder-left:null;\n\t\t\t\t\t\tborder-radius: 0px 0px 0px 0px;\n\t\t\t\t\t\tbox-shadow: 0px 0px 0px #ADACAC;\n\t\t\t\t\t\topacity: undefined;\n\t\t\t\t\t\tanimation-delay: undefinedms;\n\t\t\t\t\t\tz-index: undefined;\n\t\t\t\t\t\tflex-basis:100%;\n\t\t\t\t\t\tbackground-position: ;\n\t\t\t\t\t\tbackground-repeat:no-repeat;\n\t\t\t\t\t\tbackground-size:;\n\t\t\t\t\t\tbackground-attachment:scroll;\n\t\t\t\t\t\toverflow: auto;\n\t\t\t\t\t\tposition: relative;\n\t\t\t\t\t}\n\t\t\t\t\t.spice-block-col-20f45f79:hover{\n\t\t\t\t\t\t\tbackground-color:undefined;\n\t\t\t\t\t\t\tbackground-image:null;\n\t\t\t\t\t\t\t\n\t\t\t\t\t\t\t\n\t\t\t\t\t\t}\n\t\t\t\t\t.spice-block-col-20f45f79:hover .spice-blocks-overlay{\n\t\t\t\t\t\t\topacity: 1 ;\n\t\t\t\t\t\t\tbackground-color:undefined ;\n\t\t\t\t\t\t\tbackground-image:null ;\n\t\t\t\t\t\t}\n\t\t\t\t\t\tundefined\t\n\t\t\t\t\t\t<\/style><div class=\"wp-block-spice-blocks-spice-column wow animated  spice-block-col-20f45f79\" style=\"flex-basis:100%\"><div class=\"spice-column-wrapper\" id=\"undefined\"><\/div><\/div>\n<\/div><\/div>\n\n\n\n<p><\/p>\n\n\n\n<style>.text-editor-inner p.spiceEditor486d434d.has-dropcap:first-child:first-letter {\n\t\t\t\t\t\tcolor: undefined;\n\t\t\t\t\t\tbackground-color:undefined;\n\t\t\t\t\t\tfloat: left;\n\t\t\t\t\t\tfont-family: Open Sans;\n\t\t\t\t\t\tfont-size: 72px;\n\t\t\t\t\t\tfont-weight: 600;\n\t\t\t\t\t\ttext-transform:uppercase;\n\t\t\t\t\t\ttext-decoration:undefined;\n\t\t\t\t\t\tline-height: 60px;\n\t\t\t\t\t\tletter-spacing: undefinedpx;\n\t\t\t\t\t\tmargin: 10px 10px 10px 10px;\n\t\t\t\t\t\tpadding: 8px 12px 8px 12px;\n\t\t\t\t\t\t\t}\n\t\t\t\t\tundefined<\/style><script>var fontfamily2=`Open Sans`; var url2 = 'https:\/\/fonts.googleapis.com\/css2?family='+fontfamily2+':wght@100;200;300;400;500;600;700;800;900&amp;display=swap'; var link2 = document.createElement('link'); link2.href = url2; link2.rel = \"stylesheet\"; link2.type =  \"text\/css\"; document.head.appendChild(link2); var dropcapfontfamily2=`Open Sans`; var dropcapfontfamilyurl2 = 'https:\/\/fonts.googleapis.com\/css2?family='+dropcapfontfamily2+':wght@100;200;300;400;500;600;700;800;900&amp;display=swap'; var dropcapfontfamilylink2 = document.createElement('link'); dropcapfontfamilylink2.href = dropcapfontfamilyurl2; dropcapfontfamilylink2.rel = \"stylesheet\"; dropcapfontfamilylink2.type =  \"text\/css\"; document.head.appendChild(dropcapfontfamilylink2);<\/script><div class=\"text-editor-inner\" id=\"undefined\"><p class=\"spice-blocks-text-editor has-text-align-left wow animated        spiceEditor486d434d undefined undefined\" style=\"margin:0px 0px 0px 0px;padding:0px 0px 0px 0px;font-size:18px;font-weight:400;line-height:28px;animation-delay:undefinedms;font-family:Open Sans\">Na g\u00e9nese da Associa\u00e7\u00e3o de Desenvolvimento e Iniciativas Locais do Concelho de Ansi\u00e3o \u2013 ADILCAN \u2013 estiveram entidades que quiseram congregar sinergias para um desenvolvimento mais harmonioso do territ\u00f3rio. Muito direcionada para a qualifica\u00e7\u00e3o das pessoas atrav\u00e9s da forma\u00e7\u00e3o, evoluiu para \u00e1reas como o turismo e a a\u00e7\u00e3o social. <br><br>A ADILCAN tem sido fundamental no apoio ao tecido empresarial na medida em que \u00e9 a entidade gestora do Centro de Neg\u00f3cios, uma estrutura que partilha espa\u00e7os e recursos de excel\u00eancia a empres\u00e1rios, empresas e coletividades, para que possam desenvolver a sua atividade com crescente qualidade. O Centro de Neg\u00f3cios disponibiliza um espa\u00e7o de Coworking e um outro para a StarUp Visa, Centro de Incubadora Nacional de empresas, salas de forma\u00e7\u00e3o, um audit\u00f3rio, um sal\u00e3o para grandes exposi\u00e7\u00f5es e ainda uma sala corporate, ao dispor dos mais variados eventos. Deste modo, o Centro de Neg\u00f3cios promove toda uma din\u00e2mica social e empresarial de vanguarda. <br><br>A presidente da associa\u00e7\u00e3o destaca, para al\u00e9m da gest\u00e3o das infraestruturas de apoio empresarial, o papel interventivo da ADILCAN que, h\u00e1 j\u00e1 quase trinta anos, tem apostado e trabalhado em prol da forma\u00e7\u00e3o dos cidad\u00e3os e no encaminhamento que \u00e9 feito das pessoas desempregadas para as medidas de emprego, seja p\u00fablico, seja privado. <br><br>Destaca ainda o papel social, com a implementa\u00e7\u00e3o dos v\u00e1rios Contratos Locais de Desenvolvimento Social, que trabalham igualmente em \u00e1reas de capacita\u00e7\u00e3o e na mitiga\u00e7\u00e3o dos sintomas que persistem, resultantes da exclus\u00e3o social e econ\u00f3mica que ainda atinge, pelas mais diversas raz\u00f5es, algumas pessoas do Concelho. <br><br>Fundamental \u00e9 tamb\u00e9m a promo\u00e7\u00e3o do territ\u00f3rio, canalizando recursos humanos para o trabalho tanto no posto de turismo como no Complexo Monumental, atraindo visitantes e promovendo os produtos end\u00f3genos e o artesanato. Tamb\u00e9m \u00e9 com o apoio da ADILCAN que aqui funciona o Centro Local de Aprendizagem da Universidade Aberta, um recurso essencial na forma\u00e7\u00e3o superior de cidad\u00e3os, que deveria ser acompanhado da exist\u00eancia de um mercado de trabalho que pudesse proporcionar empregos mais qualificados com consequente aumento dos rendimentos das pessoas, fixando-as e contribuindo para o aumento da qualidade de vida de Ansi\u00e3o no seu todo.<\/p><\/div>\n\n\n\n<div class=\"wp-block-group is-layout-constrained wp-block-group-is-layout-constrained\">\n<div class=\"wp-block-columns is-layout-flex wp-container-core-columns-is-layout-28f84493 wp-block-columns-is-layout-flex\">\n<div class=\"wp-block-column is-layout-flow wp-block-column-is-layout-flow\" style=\"flex-basis:100%\"><\/div>\n<\/div>\n\n\n\n<blockquote class=\"wp-block-quote is-layout-flow wp-block-quote-is-layout-flow\"><\/blockquote>\n<\/div>\n\n\n\n<p><\/p>\n","protected":false},"excerpt":{"rendered":"","protected":false},"author":1,"featured_media":0,"parent":0,"menu_order":0,"comment_status":"closed","ping_status":"closed","template":"","meta":{"footnotes":""},"class_list":["post-40","page","type-page","status-publish","hentry"],"yoast_head":"<!-- This site is optimized with the Yoast SEO plugin v25.6 - https:\/\/yoast.com\/wordpress\/plugins\/seo\/ -->\n<title>Sobre N\u00f3s - Adilcan - Associa\u00e7\u00e3o de Desenvolvimento e Iniciativas Locais do Concelho de Ansi\u00e3o<\/title>\n<meta name=\"robots\" content=\"index, follow, max-snippet:-1, max-image-preview:large, max-video-preview:-1\" \/>\n<link rel=\"canonical\" href=\"https:\/\/adilcan.pt\/pt\/sobre-nos\/\" \/>\n<meta property=\"og:locale\" content=\"pt_PT\" \/>\n<meta property=\"og:type\" content=\"article\" \/>\n<meta property=\"og:title\" content=\"Sobre N\u00f3s - Adilcan - Associa\u00e7\u00e3o de Desenvolvimento e Iniciativas Locais do Concelho de Ansi\u00e3o\" \/>\n<meta property=\"og:url\" content=\"https:\/\/adilcan.pt\/pt\/sobre-nos\/\" \/>\n<meta property=\"og:site_name\" content=\"Adilcan - Associa\u00e7\u00e3o de Desenvolvimento e Iniciativas Locais do Concelho de Ansi\u00e3o\" \/>\n<meta property=\"article:publisher\" content=\"https:\/\/www.facebook.com\/AssDesenvIniciativasLocais\" \/>\n<meta property=\"article:modified_time\" content=\"2024-11-22T18:05:35+00:00\" \/>\n<meta name=\"twitter:card\" content=\"summary_large_image\" \/>\n<meta name=\"twitter:label1\" content=\"Tempo estimado de leitura\" \/>\n\t<meta name=\"twitter:data1\" content=\"2 minutos\" \/>\n<script type=\"application\/ld+json\" class=\"yoast-schema-graph\">{\"@context\":\"https:\/\/schema.org\",\"@graph\":[{\"@type\":\"WebPage\",\"@id\":\"https:\/\/adilcan.pt\/pt\/sobre-nos\/\",\"url\":\"https:\/\/adilcan.pt\/pt\/sobre-nos\/\",\"name\":\"Sobre N\u00f3s - Adilcan - Associa\u00e7\u00e3o de Desenvolvimento e Iniciativas Locais do Concelho de Ansi\u00e3o\",\"isPartOf\":{\"@id\":\"https:\/\/adilcan.pt\/pt\/#website\"},\"datePublished\":\"2024-09-25T09:12:55+00:00\",\"dateModified\":\"2024-11-22T18:05:35+00:00\",\"breadcrumb\":{\"@id\":\"https:\/\/adilcan.pt\/pt\/sobre-nos\/#breadcrumb\"},\"inLanguage\":\"pt-PT\",\"potentialAction\":[{\"@type\":\"ReadAction\",\"target\":[\"https:\/\/adilcan.pt\/pt\/sobre-nos\/\"]}]},{\"@type\":\"BreadcrumbList\",\"@id\":\"https:\/\/adilcan.pt\/pt\/sobre-nos\/#breadcrumb\",\"itemListElement\":[{\"@type\":\"ListItem\",\"position\":1,\"name\":\"In\u00edcio\",\"item\":\"https:\/\/adilcan.pt\/pt\/\"},{\"@type\":\"ListItem\",\"position\":2,\"name\":\"Sobre N\u00f3s\"}]},{\"@type\":\"WebSite\",\"@id\":\"https:\/\/adilcan.pt\/pt\/#website\",\"url\":\"https:\/\/adilcan.pt\/pt\/\",\"name\":\"Adilcan - Asocia\u00e7\u00e3o de Desenvolvimento e Iniciativas Locais do Concelho de Ansi\u00e3o\",\"description\":\"Adilcan - Associa\u00e7\u00e3o de Desenvolvimento e Iniciativas Locais do Concelho de Ansi\u00e3o\",\"publisher\":{\"@id\":\"https:\/\/adilcan.pt\/pt\/#organization\"},\"potentialAction\":[{\"@type\":\"SearchAction\",\"target\":{\"@type\":\"EntryPoint\",\"urlTemplate\":\"https:\/\/adilcan.pt\/pt\/?s={search_term_string}\"},\"query-input\":{\"@type\":\"PropertyValueSpecification\",\"valueRequired\":true,\"valueName\":\"search_term_string\"}}],\"inLanguage\":\"pt-PT\"},{\"@type\":\"Organization\",\"@id\":\"https:\/\/adilcan.pt\/pt\/#organization\",\"name\":\"Adilcan - Asocia\u00e7\u00e3o de Desenvolvimento e Iniciativas Locais do Concelho de Ansi\u00e3o\",\"url\":\"https:\/\/adilcan.pt\/pt\/\",\"logo\":{\"@type\":\"ImageObject\",\"inLanguage\":\"pt-PT\",\"@id\":\"https:\/\/adilcan.pt\/pt\/#\/schema\/logo\/image\/\",\"url\":\"https:\/\/adilcan.pt\/pt\/wp-content\/uploads\/2024\/11\/LOGO_Adilcan.png\",\"contentUrl\":\"https:\/\/adilcan.pt\/pt\/wp-content\/uploads\/2024\/11\/LOGO_Adilcan.png\",\"width\":384,\"height\":264,\"caption\":\"Adilcan - Asocia\u00e7\u00e3o de Desenvolvimento e Iniciativas Locais do Concelho de Ansi\u00e3o\"},\"image\":{\"@id\":\"https:\/\/adilcan.pt\/pt\/#\/schema\/logo\/image\/\"},\"sameAs\":[\"https:\/\/www.facebook.com\/AssDesenvIniciativasLocais\"]}]}<\/script>\n<!-- \/ Yoast SEO plugin. -->","yoast_head_json":{"title":"Sobre N\u00f3s - Adilcan - Associa\u00e7\u00e3o de Desenvolvimento e Iniciativas Locais do Concelho de Ansi\u00e3o","robots":{"index":"index","follow":"follow","max-snippet":"max-snippet:-1","max-image-preview":"max-image-preview:large","max-video-preview":"max-video-preview:-1"},"canonical":"https:\/\/adilcan.pt\/pt\/sobre-nos\/","og_locale":"pt_PT","og_type":"article","og_title":"Sobre N\u00f3s - Adilcan - Associa\u00e7\u00e3o de Desenvolvimento e Iniciativas Locais do Concelho de Ansi\u00e3o","og_url":"https:\/\/adilcan.pt\/pt\/sobre-nos\/","og_site_name":"Adilcan - Associa\u00e7\u00e3o de Desenvolvimento e Iniciativas Locais do Concelho de Ansi\u00e3o","article_publisher":"https:\/\/www.facebook.com\/AssDesenvIniciativasLocais","article_modified_time":"2024-11-22T18:05:35+00:00","twitter_card":"summary_large_image","twitter_misc":{"Tempo estimado de leitura":"2 minutos"},"schema":{"@context":"https:\/\/schema.org","@graph":[{"@type":"WebPage","@id":"https:\/\/adilcan.pt\/pt\/sobre-nos\/","url":"https:\/\/adilcan.pt\/pt\/sobre-nos\/","name":"Sobre N\u00f3s - Adilcan - Associa\u00e7\u00e3o de Desenvolvimento e Iniciativas Locais do Concelho de Ansi\u00e3o","isPartOf":{"@id":"https:\/\/adilcan.pt\/pt\/#website"},"datePublished":"2024-09-25T09:12:55+00:00","dateModified":"2024-11-22T18:05:35+00:00","breadcrumb":{"@id":"https:\/\/adilcan.pt\/pt\/sobre-nos\/#breadcrumb"},"inLanguage":"pt-PT","potentialAction":[{"@type":"ReadAction","target":["https:\/\/adilcan.pt\/pt\/sobre-nos\/"]}]},{"@type":"BreadcrumbList","@id":"https:\/\/adilcan.pt\/pt\/sobre-nos\/#breadcrumb","itemListElement":[{"@type":"ListItem","position":1,"name":"In\u00edcio","item":"https:\/\/adilcan.pt\/pt\/"},{"@type":"ListItem","position":2,"name":"Sobre N\u00f3s"}]},{"@type":"WebSite","@id":"https:\/\/adilcan.pt\/pt\/#website","url":"https:\/\/adilcan.pt\/pt\/","name":"Adilcan - Asocia\u00e7\u00e3o de Desenvolvimento e Iniciativas Locais do Concelho de Ansi\u00e3o","description":"Adilcan - Associa\u00e7\u00e3o de Desenvolvimento e Iniciativas Locais do Concelho de Ansi\u00e3o","publisher":{"@id":"https:\/\/adilcan.pt\/pt\/#organization"},"potentialAction":[{"@type":"SearchAction","target":{"@type":"EntryPoint","urlTemplate":"https:\/\/adilcan.pt\/pt\/?s={search_term_string}"},"query-input":{"@type":"PropertyValueSpecification","valueRequired":true,"valueName":"search_term_string"}}],"inLanguage":"pt-PT"},{"@type":"Organization","@id":"https:\/\/adilcan.pt\/pt\/#organization","name":"Adilcan - Asocia\u00e7\u00e3o de Desenvolvimento e Iniciativas Locais do Concelho de Ansi\u00e3o","url":"https:\/\/adilcan.pt\/pt\/","logo":{"@type":"ImageObject","inLanguage":"pt-PT","@id":"https:\/\/adilcan.pt\/pt\/#\/schema\/logo\/image\/","url":"https:\/\/adilcan.pt\/pt\/wp-content\/uploads\/2024\/11\/LOGO_Adilcan.png","contentUrl":"https:\/\/adilcan.pt\/pt\/wp-content\/uploads\/2024\/11\/LOGO_Adilcan.png","width":384,"height":264,"caption":"Adilcan - Asocia\u00e7\u00e3o de Desenvolvimento e Iniciativas Locais do Concelho de Ansi\u00e3o"},"image":{"@id":"https:\/\/adilcan.pt\/pt\/#\/schema\/logo\/image\/"},"sameAs":["https:\/\/www.facebook.com\/AssDesenvIniciativasLocais"]}]}},"_links":{"self":[{"href":"https:\/\/adilcan.pt\/pt\/wp-json\/wp\/v2\/pages\/40","targetHints":{"allow":["GET"]}}],"collection":[{"href":"https:\/\/adilcan.pt\/pt\/wp-json\/wp\/v2\/pages"}],"about":[{"href":"https:\/\/adilcan.pt\/pt\/wp-json\/wp\/v2\/types\/page"}],"author":[{"embeddable":true,"href":"https:\/\/adilcan.pt\/pt\/wp-json\/wp\/v2\/users\/1"}],"replies":[{"embeddable":true,"href":"https:\/\/adilcan.pt\/pt\/wp-json\/wp\/v2\/comments?post=40"}],"version-history":[{"count":5,"href":"https:\/\/adilcan.pt\/pt\/wp-json\/wp\/v2\/pages\/40\/revisions"}],"predecessor-version":[{"id":110,"href":"https:\/\/adilcan.pt\/pt\/wp-json\/wp\/v2\/pages\/40\/revisions\/110"}],"wp:attachment":[{"href":"https:\/\/adilcan.pt\/pt\/wp-json\/wp\/v2\/media?parent=40"}],"curies":[{"name":"wp","href":"https:\/\/api.w.org\/{rel}","templated":true}]}}