{"id":3,"date":"2024-09-25T09:12:33","date_gmt":"2024-09-25T09:12:33","guid":{"rendered":"https:\/\/adilcan.pt\/pt\/?page_id=3"},"modified":"2024-11-22T18:26:26","modified_gmt":"2024-11-22T18:26:26","slug":"privacy-policy","status":"publish","type":"page","link":"https:\/\/adilcan.pt\/pt\/privacy-policy\/","title":{"rendered":"Pol\u00edtica de Privacidade e Prote\u00e7\u00e3o de Dados"},"content":{"rendered":"\n<p><\/p>\n\n\n\n<p>No cumprimento do disposto no Regulamento Geral de Prote\u00e7\u00e3o de Dados, a Adilcan torna p\u00fablica a sua<br>pol\u00edtica de privacidade e dados pessoais, relativa ao website: https:\/\/www.adilcan.pt<\/p>\n\n\n\n<h3 class=\"wp-block-heading\"><strong>\u00c2mbito<\/strong><\/h3>\n\n\n\n<p>Este website, exceto na sua \u00e1rea reservada, n\u00e3o solicita nem recolhe identifica\u00e7\u00e3o de visitantes (como<br>nome, correio eletr\u00f3nico, ou outros dados). N\u00e3o requer, igualmente, qualquer registo para ser visitado,<br>consultado e utilizado.<\/p>\n\n\n\n<p>O servidor que suporta as nossas p\u00e1ginas regista de forma autom\u00e1tica acessos em registos, contendo as<br>seguintes informa\u00e7\u00f5es:<\/p>\n\n\n\n<ul class=\"wp-block-list\">\n<li>endere\u00e7o IP p\u00fablico<\/li>\n\n\n\n<li>tipo de navegador<\/li>\n\n\n\n<li>sistema operativo<\/li>\n\n\n\n<li>liga\u00e7\u00f5es de sa\u00edda<\/li>\n\n\n\n<li>termos de pesquisa<\/li>\n<\/ul>\n\n\n\n<p>Estas informa\u00e7\u00f5es n\u00e3o s\u00e3o ligadas a perfis individuais, servem apenas para tratamento autom\u00e1tico e estat\u00edsticas de acesso ao website (n\u00famero de acessos ao site, termos de pesquisa, tipo de acesso de acordo com sistema operativo e navegador). Nenhum destes dados \u00e9 transmitido a terceiros.<\/p>\n\n\n\n<h3 class=\"wp-block-heading\"><strong>Direitos do Titular de Dados Pessoais<\/strong><\/h3>\n\n\n\n<p>Este website colige informa\u00e7\u00f5es sobre as atividades desenvolvidas na Adilcan, nesse \u00e2mbito, publicamos imagens e textos que poder\u00e3o conter identifica\u00e7\u00f5es individuais.<\/p>\n\n\n\n<p>Se estiver identificado\/a, por texto e\/ou imagem nalgum dos nossos artigos, e desejar que essa identifica\u00e7\u00e3o seja removida, envie mensagem para o correio eletr\u00f3nico\u00a0geral@adilcan.pt, referindo:<\/p>\n\n\n\n<ul class=\"wp-block-list\">\n<li>URL (liga\u00e7\u00e3o) espec\u00edfico da not\u00edcia que cont\u00e9m os dados a eliminar;<\/li>\n\n\n\n<li>Identifica\u00e7\u00e3o clara dos dados a eliminar.<\/li>\n<\/ul>\n\n\n\n<p>O mesmo procedimento se aplica caso pretenda retificar algum dado pessoal publicado em not\u00edcias neste website.<\/p>\n\n\n\n<p>Reservamos o direito de recusar pedidos desta natureza caso a elimina\u00e7\u00e3o da informa\u00e7\u00e3o interfira com, ou impossibilite, os servi\u00e7os que temos de prestar.<\/p>\n\n\n\n<h3 class=\"wp-block-heading\"><strong>D\u00favidas e Quest\u00f5es<\/strong><\/h3>\n\n\n\n<p>Em caso de d\u00favidas ou quest\u00f5es relativas a estes assuntos, contatem-nos atrav\u00e9s do endere\u00e7o de correio eletr\u00f3nico: geral@adilcan.pt<\/p>\n\n\n\n<h3 class=\"wp-block-heading\">Pol\u00edtica de Cookies<\/h3>\n\n\n\n<p><strong>Cookies Necess\u00e1rias<\/strong>&nbsp;-&gt;&nbsp;Estes cookies s\u00e3o necess\u00e1rios para permitir a funcionalidade principal do site e s\u00e3o ativados automaticamente quando utiliza este site.<\/p>\n\n\n\n<p>Permitem personalizar as ofertas comerciais que lhe s\u00e3o apresentadas, direcionando-as para os seus interesses. Podem ser cookies pr\u00f3prios ou de terceiros. Alertamos que, mesmo n\u00e3o aceitando estes cookies, ir\u00e1 receber ofertas comerciais, mas sem corresponderem \u00e0s suas prefer\u00eancias.<\/p>\n\n\n\n<hr class=\"wp-block-separator has-alpha-channel-opacity\"\/>\n\n\n\n<p><strong>Cookies Funcionais<\/strong>&nbsp;\u2013 &gt;&nbsp;Estes cookies permitem-nos analisar a utiliza\u00e7\u00e3o do site, por forma a podermos medir e melhorar o respectivo desempenho.<\/p>\n\n\n\n<p>Oferecem uma experi\u00eancia mais personalizada e completa, permitem guardar prefer\u00eancias, mostrar-lhe conte\u00fados relevantes para o seu gosto e enviar-lhe os alertas que tenha solicitado.<\/p>\n\n\n\n<hr class=\"wp-block-separator has-alpha-channel-opacity\"\/>\n\n\n\n<p><strong>Cookies Publicit\u00e1rias<\/strong>&nbsp;-&gt;&nbsp;Permitem-lhe estar em contacto com a sua rede social, partilhar conte\u00fados, enviar e divulgar coment\u00e1rios.<\/p>\n\n\n\n<p>Permitem-lhe estar em contacto com a sua rede social, partilhar conte\u00fados, enviar e divulgar coment\u00e1rios.<\/p>\n\n\n\n<h3 class=\"wp-block-heading\"><strong>Como pode gerir os cookies?<\/strong><\/h3>\n\n\n\n<p>Todos os browsers permitem ao utilizador aceitar, recusar ou apagar cookies, nomeadamente atrav\u00e9s da sele\u00e7\u00e3o das defini\u00e7\u00f5es apropriadas no respetivo navegador. Pode configurar os cookies no menu \u201cop\u00e7\u00f5es\u201d ou \u201cprefer\u00eancias\u201d do seu browser.<\/p>\n\n\n\n<p>Note-se, no entanto, que, ao desativar cookies, pode impedir que alguns servi\u00e7os da web funcionem corretamente, afetando, parcial ou totalmente, a navega\u00e7\u00e3o no website.<\/p>\n\n\n\n<p>Os utilizadores podem desativar a utiliza\u00e7\u00e3o dos cookies nesta p\u00e1gina web a qualquer momento ao modificar as configura\u00e7\u00f5es do browser, por exemplo:<\/p>\n\n\n\n<ul class=\"wp-block-list\">\n<li><a href=\"http:\/\/support.google.com\/chrome\/bin\/answer.py?hl=pt&amp;answer=95647\" target=\"_blank\" rel=\"noreferrer noopener\">Google Chrome<\/a>:<\/li>\n\n\n\n<li><a href=\"http:\/\/windows.microsoft.com\/pt-pt\/windows7\/how-to-manage-cookies-in-internet-explorer-9\" target=\"_blank\" rel=\"noreferrer noopener\">Internet Explorer<\/a>:<\/li>\n\n\n\n<li><a href=\"https:\/\/support.mozilla.org\/pt-PT\/kb\/Activar%2520e%2520Desactivar%2520cookies\" target=\"_blank\" rel=\"noreferrer noopener\">Mozilla Firefox<\/a>:<\/li>\n\n\n\n<li><a href=\"http:\/\/support.apple.com\/kb\/ph504\" target=\"_blank\" rel=\"noreferrer noopener\">Apple Safari<\/a>:<\/li>\n<\/ul>\n\n\n\n<p>O que acontece quando os cookies est\u00e3o desativados?<\/p>\n\n\n\n<p>Algumas fun\u00e7\u00f5es e servi\u00e7os podem parar de funcionar ou comportar-se de forma inesperada, como por exemplo, a identifica\u00e7\u00e3o do utilizador em determinadas p\u00e1ginas ou receber informa\u00e7\u00f5es que t\u00eam em considera\u00e7\u00e3o a localiza\u00e7\u00e3o do utilizador, entre outros.<\/p>\n\n\n\n<p>Se desativar os cookies desta p\u00e1gina web, \u00e9 prov\u00e1vel que n\u00e3o tenha acesso a determinadas \u00e1reas ou que a qualidade da sua experi\u00eancia de navega\u00e7\u00e3o seja consideravelmente inferior.<\/p>\n\n\n\n<h3 class=\"wp-block-heading\">Garantias adicionais e revoga\u00e7\u00e3o da aceita\u00e7\u00e3o<\/h3>\n\n\n\n<p>A Adilcan n\u00e3o ser\u00e1 respons\u00e1vel pelo conte\u00fado e veracidade das pol\u00edticas de privacidade de componentes de terceiros eventualmente inclu\u00eddos nesta p\u00e1gina web.<\/p>\n\n\n\n<p>Como garantia adicional, a grava\u00e7\u00e3o dos cookies nesta p\u00e1gina web pode estar sujeita ao utilizador aceitar os cookies durante a sua visita \u00e0 p\u00e1gina web e \u00e0 instala\u00e7\u00e3o ou atualiza\u00e7\u00e3o do browser utilizado. Esta aceita\u00e7\u00e3o pode ser revogada a qualquer momento nas configura\u00e7\u00f5es do conte\u00fado e privacidade, tal como definido acima no ponto 5 da presente pol\u00edtica ou utilizando a hiperliga\u00e7\u00e3o na parte inferior desta p\u00e1gina.<\/p>\n\n\n\n<h3 class=\"wp-block-heading\">Atualiza\u00e7\u00e3o da pol\u00edtica de cookies<\/h3>\n\n\n\n<p>A Adilcan pode modificar esta pol\u00edtica de cookies em conformidade com os requisitos legais ou regulamentares ou adaptar esta pol\u00edtica a novas instru\u00e7\u00f5es decretadas por lei.<\/p>\n\n\n\n<p>Quando existam modifica\u00e7\u00f5es significativas a esta pol\u00edtica de cookies, os utilizadores da p\u00e1gina web ser\u00e3o notificados.<\/p>\n\n\n\n<p>Mais informa\u00e7\u00e3o sobre cookies<\/p>\n\n\n\n<p>Pode obter mais informa\u00e7\u00f5es sobre cookies na seguinte hiperliga\u00e7\u00e3o: <a href=\"http:\/\/www.allaboutcookies.org\/\" target=\"_blank\" rel=\"noreferrer noopener\">www.allaboutcookies.org<\/a><\/p>\n\n\n\n<p><\/p>\n","protected":false},"excerpt":{"rendered":"<p>No cumprimento do disposto no Regulamento Geral de Prote\u00e7\u00e3o de Dados, a Adilcan torna p\u00fablica a suapol\u00edtica de privacidade e dados pessoais, relativa ao website: https:\/\/www.adilcan.pt \u00c2mbito Este website, exceto na sua \u00e1rea reservada, n\u00e3o solicita nem recolhe identifica\u00e7\u00e3o de visitantes (comonome, correio eletr\u00f3nico, ou outros dados). N\u00e3o requer, igualmente, qualquer registo para ser visitado,consultado [&hellip;]<\/p>\n","protected":false},"author":1,"featured_media":0,"parent":0,"menu_order":0,"comment_status":"closed","ping_status":"open","template":"","meta":{"footnotes":""},"class_list":["post-3","page","type-page","status-publish","hentry"],"yoast_head":"<!-- This site is optimized with the Yoast SEO plugin v25.6 - https:\/\/yoast.com\/wordpress\/plugins\/seo\/ -->\n<title>Pol\u00edtica de Privacidade e Prote\u00e7\u00e3o de Dados - Adilcan - Associa\u00e7\u00e3o de Desenvolvimento e Iniciativas Locais do Concelho de Ansi\u00e3o<\/title>\n<meta name=\"robots\" content=\"index, follow, max-snippet:-1, max-image-preview:large, max-video-preview:-1\" \/>\n<link rel=\"canonical\" href=\"https:\/\/adilcan.pt\/pt\/privacy-policy\/\" \/>\n<meta property=\"og:locale\" content=\"pt_PT\" \/>\n<meta property=\"og:type\" content=\"article\" \/>\n<meta property=\"og:title\" content=\"Pol\u00edtica de Privacidade e Prote\u00e7\u00e3o de Dados - Adilcan - Associa\u00e7\u00e3o de Desenvolvimento e Iniciativas Locais do Concelho de Ansi\u00e3o\" \/>\n<meta property=\"og:description\" content=\"No cumprimento do disposto no Regulamento Geral de Prote\u00e7\u00e3o de Dados, a Adilcan torna p\u00fablica a suapol\u00edtica de privacidade e dados pessoais, relativa ao website: https:\/\/www.adilcan.pt \u00c2mbito Este website, exceto na sua \u00e1rea reservada, n\u00e3o solicita nem recolhe identifica\u00e7\u00e3o de visitantes (comonome, correio eletr\u00f3nico, ou outros dados). N\u00e3o requer, igualmente, qualquer registo para ser visitado,consultado [&hellip;]\" \/>\n<meta property=\"og:url\" content=\"https:\/\/adilcan.pt\/pt\/privacy-policy\/\" \/>\n<meta property=\"og:site_name\" content=\"Adilcan - Associa\u00e7\u00e3o de Desenvolvimento e Iniciativas Locais do Concelho de Ansi\u00e3o\" \/>\n<meta property=\"article:publisher\" content=\"https:\/\/www.facebook.com\/AssDesenvIniciativasLocais\" \/>\n<meta property=\"article:modified_time\" content=\"2024-11-22T18:26:26+00:00\" \/>\n<meta name=\"twitter:card\" content=\"summary_large_image\" \/>\n<meta name=\"twitter:label1\" content=\"Tempo estimado de leitura\" \/>\n\t<meta name=\"twitter:data1\" content=\"4 minutos\" \/>\n<script type=\"application\/ld+json\" class=\"yoast-schema-graph\">{\"@context\":\"https:\/\/schema.org\",\"@graph\":[{\"@type\":\"WebPage\",\"@id\":\"https:\/\/adilcan.pt\/pt\/privacy-policy\/\",\"url\":\"https:\/\/adilcan.pt\/pt\/privacy-policy\/\",\"name\":\"Pol\u00edtica de Privacidade e Prote\u00e7\u00e3o de Dados - Adilcan - Associa\u00e7\u00e3o de Desenvolvimento e Iniciativas Locais do Concelho de Ansi\u00e3o\",\"isPartOf\":{\"@id\":\"https:\/\/adilcan.pt\/pt\/#website\"},\"datePublished\":\"2024-09-25T09:12:33+00:00\",\"dateModified\":\"2024-11-22T18:26:26+00:00\",\"breadcrumb\":{\"@id\":\"https:\/\/adilcan.pt\/pt\/privacy-policy\/#breadcrumb\"},\"inLanguage\":\"pt-PT\",\"potentialAction\":[{\"@type\":\"ReadAction\",\"target\":[\"https:\/\/adilcan.pt\/pt\/privacy-policy\/\"]}]},{\"@type\":\"BreadcrumbList\",\"@id\":\"https:\/\/adilcan.pt\/pt\/privacy-policy\/#breadcrumb\",\"itemListElement\":[{\"@type\":\"ListItem\",\"position\":1,\"name\":\"In\u00edcio\",\"item\":\"https:\/\/adilcan.pt\/pt\/\"},{\"@type\":\"ListItem\",\"position\":2,\"name\":\"Pol\u00edtica de Privacidade e Prote\u00e7\u00e3o de Dados\"}]},{\"@type\":\"WebSite\",\"@id\":\"https:\/\/adilcan.pt\/pt\/#website\",\"url\":\"https:\/\/adilcan.pt\/pt\/\",\"name\":\"Adilcan - Asocia\u00e7\u00e3o de Desenvolvimento e Iniciativas Locais do Concelho de Ansi\u00e3o\",\"description\":\"Adilcan - Associa\u00e7\u00e3o de Desenvolvimento e Iniciativas Locais do Concelho de Ansi\u00e3o\",\"publisher\":{\"@id\":\"https:\/\/adilcan.pt\/pt\/#organization\"},\"potentialAction\":[{\"@type\":\"SearchAction\",\"target\":{\"@type\":\"EntryPoint\",\"urlTemplate\":\"https:\/\/adilcan.pt\/pt\/?s={search_term_string}\"},\"query-input\":{\"@type\":\"PropertyValueSpecification\",\"valueRequired\":true,\"valueName\":\"search_term_string\"}}],\"inLanguage\":\"pt-PT\"},{\"@type\":\"Organization\",\"@id\":\"https:\/\/adilcan.pt\/pt\/#organization\",\"name\":\"Adilcan - Asocia\u00e7\u00e3o de Desenvolvimento e Iniciativas Locais do Concelho de Ansi\u00e3o\",\"url\":\"https:\/\/adilcan.pt\/pt\/\",\"logo\":{\"@type\":\"ImageObject\",\"inLanguage\":\"pt-PT\",\"@id\":\"https:\/\/adilcan.pt\/pt\/#\/schema\/logo\/image\/\",\"url\":\"https:\/\/adilcan.pt\/pt\/wp-content\/uploads\/2024\/11\/LOGO_Adilcan.png\",\"contentUrl\":\"https:\/\/adilcan.pt\/pt\/wp-content\/uploads\/2024\/11\/LOGO_Adilcan.png\",\"width\":384,\"height\":264,\"caption\":\"Adilcan - Asocia\u00e7\u00e3o de Desenvolvimento e Iniciativas Locais do Concelho de Ansi\u00e3o\"},\"image\":{\"@id\":\"https:\/\/adilcan.pt\/pt\/#\/schema\/logo\/image\/\"},\"sameAs\":[\"https:\/\/www.facebook.com\/AssDesenvIniciativasLocais\"]}]}<\/script>\n<!-- \/ Yoast SEO plugin. -->","yoast_head_json":{"title":"Pol\u00edtica de Privacidade e Prote\u00e7\u00e3o de Dados - Adilcan - Associa\u00e7\u00e3o de Desenvolvimento e Iniciativas Locais do Concelho de Ansi\u00e3o","robots":{"index":"index","follow":"follow","max-snippet":"max-snippet:-1","max-image-preview":"max-image-preview:large","max-video-preview":"max-video-preview:-1"},"canonical":"https:\/\/adilcan.pt\/pt\/privacy-policy\/","og_locale":"pt_PT","og_type":"article","og_title":"Pol\u00edtica de Privacidade e Prote\u00e7\u00e3o de Dados - Adilcan - Associa\u00e7\u00e3o de Desenvolvimento e Iniciativas Locais do Concelho de Ansi\u00e3o","og_description":"No cumprimento do disposto no Regulamento Geral de Prote\u00e7\u00e3o de Dados, a Adilcan torna p\u00fablica a suapol\u00edtica de privacidade e dados pessoais, relativa ao website: https:\/\/www.adilcan.pt \u00c2mbito Este website, exceto na sua \u00e1rea reservada, n\u00e3o solicita nem recolhe identifica\u00e7\u00e3o de visitantes (comonome, correio eletr\u00f3nico, ou outros dados). N\u00e3o requer, igualmente, qualquer registo para ser visitado,consultado [&hellip;]","og_url":"https:\/\/adilcan.pt\/pt\/privacy-policy\/","og_site_name":"Adilcan - Associa\u00e7\u00e3o de Desenvolvimento e Iniciativas Locais do Concelho de Ansi\u00e3o","article_publisher":"https:\/\/www.facebook.com\/AssDesenvIniciativasLocais","article_modified_time":"2024-11-22T18:26:26+00:00","twitter_card":"summary_large_image","twitter_misc":{"Tempo estimado de leitura":"4 minutos"},"schema":{"@context":"https:\/\/schema.org","@graph":[{"@type":"WebPage","@id":"https:\/\/adilcan.pt\/pt\/privacy-policy\/","url":"https:\/\/adilcan.pt\/pt\/privacy-policy\/","name":"Pol\u00edtica de Privacidade e Prote\u00e7\u00e3o de Dados - Adilcan - Associa\u00e7\u00e3o de Desenvolvimento e Iniciativas Locais do Concelho de Ansi\u00e3o","isPartOf":{"@id":"https:\/\/adilcan.pt\/pt\/#website"},"datePublished":"2024-09-25T09:12:33+00:00","dateModified":"2024-11-22T18:26:26+00:00","breadcrumb":{"@id":"https:\/\/adilcan.pt\/pt\/privacy-policy\/#breadcrumb"},"inLanguage":"pt-PT","potentialAction":[{"@type":"ReadAction","target":["https:\/\/adilcan.pt\/pt\/privacy-policy\/"]}]},{"@type":"BreadcrumbList","@id":"https:\/\/adilcan.pt\/pt\/privacy-policy\/#breadcrumb","itemListElement":[{"@type":"ListItem","position":1,"name":"In\u00edcio","item":"https:\/\/adilcan.pt\/pt\/"},{"@type":"ListItem","position":2,"name":"Pol\u00edtica de Privacidade e Prote\u00e7\u00e3o de Dados"}]},{"@type":"WebSite","@id":"https:\/\/adilcan.pt\/pt\/#website","url":"https:\/\/adilcan.pt\/pt\/","name":"Adilcan - Asocia\u00e7\u00e3o de Desenvolvimento e Iniciativas Locais do Concelho de Ansi\u00e3o","description":"Adilcan - Associa\u00e7\u00e3o de Desenvolvimento e Iniciativas Locais do Concelho de Ansi\u00e3o","publisher":{"@id":"https:\/\/adilcan.pt\/pt\/#organization"},"potentialAction":[{"@type":"SearchAction","target":{"@type":"EntryPoint","urlTemplate":"https:\/\/adilcan.pt\/pt\/?s={search_term_string}"},"query-input":{"@type":"PropertyValueSpecification","valueRequired":true,"valueName":"search_term_string"}}],"inLanguage":"pt-PT"},{"@type":"Organization","@id":"https:\/\/adilcan.pt\/pt\/#organization","name":"Adilcan - Asocia\u00e7\u00e3o de Desenvolvimento e Iniciativas Locais do Concelho de Ansi\u00e3o","url":"https:\/\/adilcan.pt\/pt\/","logo":{"@type":"ImageObject","inLanguage":"pt-PT","@id":"https:\/\/adilcan.pt\/pt\/#\/schema\/logo\/image\/","url":"https:\/\/adilcan.pt\/pt\/wp-content\/uploads\/2024\/11\/LOGO_Adilcan.png","contentUrl":"https:\/\/adilcan.pt\/pt\/wp-content\/uploads\/2024\/11\/LOGO_Adilcan.png","width":384,"height":264,"caption":"Adilcan - Asocia\u00e7\u00e3o de Desenvolvimento e Iniciativas Locais do Concelho de Ansi\u00e3o"},"image":{"@id":"https:\/\/adilcan.pt\/pt\/#\/schema\/logo\/image\/"},"sameAs":["https:\/\/www.facebook.com\/AssDesenvIniciativasLocais"]}]}},"_links":{"self":[{"href":"https:\/\/adilcan.pt\/pt\/wp-json\/wp\/v2\/pages\/3","targetHints":{"allow":["GET"]}}],"collection":[{"href":"https:\/\/adilcan.pt\/pt\/wp-json\/wp\/v2\/pages"}],"about":[{"href":"https:\/\/adilcan.pt\/pt\/wp-json\/wp\/v2\/types\/page"}],"author":[{"embeddable":true,"href":"https:\/\/adilcan.pt\/pt\/wp-json\/wp\/v2\/users\/1"}],"replies":[{"embeddable":true,"href":"https:\/\/adilcan.pt\/pt\/wp-json\/wp\/v2\/comments?post=3"}],"version-history":[{"count":1,"href":"https:\/\/adilcan.pt\/pt\/wp-json\/wp\/v2\/pages\/3\/revisions"}],"predecessor-version":[{"id":123,"href":"https:\/\/adilcan.pt\/pt\/wp-json\/wp\/v2\/pages\/3\/revisions\/123"}],"wp:attachment":[{"href":"https:\/\/adilcan.pt\/pt\/wp-json\/wp\/v2\/media?parent=3"}],"curies":[{"name":"wp","href":"https:\/\/api.w.org\/{rel}","templated":true}]}}