{"id":151,"date":"2024-11-22T19:14:22","date_gmt":"2024-11-22T19:14:22","guid":{"rendered":"https:\/\/adilcan.pt\/pt\/?page_id=151"},"modified":"2024-11-22T19:18:36","modified_gmt":"2024-11-22T19:18:36","slug":"estatutos","status":"publish","type":"page","link":"https:\/\/adilcan.pt\/pt\/estatutos\/","title":{"rendered":"Estatutos"},"content":{"rendered":"\n<p><\/p>\n\n\n\n<p>Estatutos &#8211; 3\u00ba Altera\u00e7\u00e3o<\/p>\n\n\n\n<div data-wp-interactive=\"core\/file\" class=\"wp-block-file\"><object data-wp-bind--hidden=\"!state.hasPdfPreview\" hidden class=\"wp-block-file__embed\" data=\"https:\/\/adilcan.pt\/pt\/wp-content\/uploads\/2024\/11\/Estatutos-3a-alteracao.pdf\" type=\"application\/pdf\" style=\"width:100%;height:600px\" aria-label=\"Incorpora\u00e7\u00e3o de Estatutos - 3\u00aa altera\u00e7\u00e3o.\"><\/object><a id=\"wp-block-file--media-d4d12dd9-3886-4f4f-8b27-62be8613940b\" href=\"https:\/\/adilcan.pt\/pt\/wp-content\/uploads\/2024\/11\/Estatutos-3a-alteracao.pdf\">Estatutos &#8211; 3\u00aa altera\u00e7\u00e3o<\/a><a href=\"https:\/\/adilcan.pt\/pt\/wp-content\/uploads\/2024\/11\/Estatutos-3a-alteracao.pdf\" class=\"wp-block-file__button wp-element-button\" download aria-describedby=\"wp-block-file--media-d4d12dd9-3886-4f4f-8b27-62be8613940b\">Descarregar<\/a><\/div>\n\n\n\n<p>Estatutos &#8211; 2\u00ba Altera\u00e7\u00e3o<\/p>\n\n\n\n<div data-wp-interactive=\"core\/file\" class=\"wp-block-file\"><object data-wp-bind--hidden=\"!state.hasPdfPreview\" hidden class=\"wp-block-file__embed\" data=\"https:\/\/adilcan.pt\/pt\/wp-content\/uploads\/2024\/11\/Estatutos-2a-alteracao.pdf\" type=\"application\/pdf\" style=\"width:100%;height:600px\" aria-label=\"Incorpora\u00e7\u00e3o de Estatutos - 2\u00aa altera\u00e7\u00e3o.\"><\/object><a id=\"wp-block-file--media-42062736-8d1c-4e5c-af51-2235bc1b8035\" href=\"https:\/\/adilcan.pt\/pt\/wp-content\/uploads\/2024\/11\/Estatutos-2a-alteracao.pdf\">Estatutos &#8211; 2\u00aa altera\u00e7\u00e3o<\/a><a href=\"https:\/\/adilcan.pt\/pt\/wp-content\/uploads\/2024\/11\/Estatutos-2a-alteracao.pdf\" class=\"wp-block-file__button wp-element-button\" download aria-describedby=\"wp-block-file--media-42062736-8d1c-4e5c-af51-2235bc1b8035\">Descarregar<\/a><\/div>\n\n\n\n<p>Estatutos &#8211; 1\u00ba Altera\u00e7\u00e3o<\/p>\n\n\n\n<div data-wp-interactive=\"core\/file\" class=\"wp-block-file\"><object data-wp-bind--hidden=\"!state.hasPdfPreview\" hidden class=\"wp-block-file__embed\" data=\"https:\/\/adilcan.pt\/pt\/wp-content\/uploads\/2024\/11\/Estatutos-1a-alteracao.pdf\" type=\"application\/pdf\" style=\"width:100%;height:600px\" aria-label=\"Incorpora\u00e7\u00e3o de Estatutos - 1\u00aa altera\u00e7\u00e3o.\"><\/object><a id=\"wp-block-file--media-60a78d78-3680-434d-a749-18f0e8f32229\" href=\"https:\/\/adilcan.pt\/pt\/wp-content\/uploads\/2024\/11\/Estatutos-1a-alteracao.pdf\">Estatutos &#8211; 1\u00aa altera\u00e7\u00e3o<\/a><a href=\"https:\/\/adilcan.pt\/pt\/wp-content\/uploads\/2024\/11\/Estatutos-1a-alteracao.pdf\" class=\"wp-block-file__button wp-element-button\" download aria-describedby=\"wp-block-file--media-60a78d78-3680-434d-a749-18f0e8f32229\">Descarregar<\/a><\/div>\n\n\n\n<p>Estatutos Iniciais<\/p>\n\n\n\n<div data-wp-interactive=\"core\/file\" class=\"wp-block-file\"><object data-wp-bind--hidden=\"!state.hasPdfPreview\" hidden class=\"wp-block-file__embed\" data=\"https:\/\/adilcan.pt\/pt\/wp-content\/uploads\/2024\/11\/Estatutos-inicial.pdf\" type=\"application\/pdf\" style=\"width:100%;height:600px\" aria-label=\"Incorpora\u00e7\u00e3o de Estatutos - inicial.\"><\/object><a id=\"wp-block-file--media-0501296a-5f44-40dd-ad26-f3079ed93ba9\" href=\"https:\/\/adilcan.pt\/pt\/wp-content\/uploads\/2024\/11\/Estatutos-inicial.pdf\">Estatutos &#8211; inicial<\/a><a href=\"https:\/\/adilcan.pt\/pt\/wp-content\/uploads\/2024\/11\/Estatutos-inicial.pdf\" class=\"wp-block-file__button wp-element-button\" download aria-describedby=\"wp-block-file--media-0501296a-5f44-40dd-ad26-f3079ed93ba9\">Descarregar<\/a><\/div>\n\n\n\n<style>.text-editor-inner p.spiceEditor1c31e347.has-dropcap:first-child:first-letter {\n\t\t\t\t\t\tcolor: undefined;\n\t\t\t\t\t\tbackground-color:undefined;\n\t\t\t\t\t\tfloat: left;\n\t\t\t\t\t\tfont-family: Open Sans;\n\t\t\t\t\t\tfont-size: 72px;\n\t\t\t\t\t\tfont-weight: 600;\n\t\t\t\t\t\ttext-transform:uppercase;\n\t\t\t\t\t\ttext-decoration:undefined;\n\t\t\t\t\t\tline-height: 60px;\n\t\t\t\t\t\tletter-spacing: undefinedpx;\n\t\t\t\t\t\tmargin: 10px 10px 10px 10px;\n\t\t\t\t\t\tpadding: 8px 12px 8px 12px;\n\t\t\t\t\t\t\t}\n\t\t\t\t\tundefined<\/style><script>var fontfamily2=`Open Sans`; var url2 = 'https:\/\/fonts.googleapis.com\/css2?family='+fontfamily2+':wght@100;200;300;400;500;600;700;800;900&amp;display=swap'; var link2 = document.createElement('link'); link2.href = url2; link2.rel = \"stylesheet\"; link2.type =  \"text\/css\"; document.head.appendChild(link2); var dropcapfontfamily2=`Open Sans`; var dropcapfontfamilyurl2 = 'https:\/\/fonts.googleapis.com\/css2?family='+dropcapfontfamily2+':wght@100;200;300;400;500;600;700;800;900&amp;display=swap'; var dropcapfontfamilylink2 = document.createElement('link'); dropcapfontfamilylink2.href = dropcapfontfamilyurl2; dropcapfontfamilylink2.rel = \"stylesheet\"; dropcapfontfamilylink2.type =  \"text\/css\"; document.head.appendChild(dropcapfontfamilylink2);<\/script><div class=\"text-editor-inner\" id=\"undefined\"><p class=\"spice-blocks-text-editor has-text-align-left wow animated        spiceEditor1c31e347 undefined undefined\" style=\"margin:0px 0px 0px 0px;padding:0px 0px 0px 0px;font-size:18px;font-weight:400;line-height:28px;animation-delay:undefinedms;font-family:Open Sans\"><\/p><\/div>\n\n\n\n<style>.text-editor-inner p.spiceEditor8de3ae17.has-dropcap:first-child:first-letter {\n\t\t\t\t\t\tcolor: undefined;\n\t\t\t\t\t\tbackground-color:undefined;\n\t\t\t\t\t\tfloat: left;\n\t\t\t\t\t\tfont-family: Open Sans;\n\t\t\t\t\t\tfont-size: 72px;\n\t\t\t\t\t\tfont-weight: 600;\n\t\t\t\t\t\ttext-transform:uppercase;\n\t\t\t\t\t\ttext-decoration:undefined;\n\t\t\t\t\t\tline-height: 60px;\n\t\t\t\t\t\tletter-spacing: undefinedpx;\n\t\t\t\t\t\tmargin: 10px 10px 10px 10px;\n\t\t\t\t\t\tpadding: 8px 12px 8px 12px;\n\t\t\t\t\t\t\t}\n\t\t\t\t\tundefined<\/style><script>var fontfamily2=`Open Sans`; var url2 = 'https:\/\/fonts.googleapis.com\/css2?family='+fontfamily2+':wght@100;200;300;400;500;600;700;800;900&amp;display=swap'; var link2 = document.createElement('link'); link2.href = url2; link2.rel = \"stylesheet\"; link2.type =  \"text\/css\"; document.head.appendChild(link2); var dropcapfontfamily2=`Open Sans`; var dropcapfontfamilyurl2 = 'https:\/\/fonts.googleapis.com\/css2?family='+dropcapfontfamily2+':wght@100;200;300;400;500;600;700;800;900&amp;display=swap'; var dropcapfontfamilylink2 = document.createElement('link'); dropcapfontfamilylink2.href = dropcapfontfamilyurl2; dropcapfontfamilylink2.rel = \"stylesheet\"; dropcapfontfamilylink2.type =  \"text\/css\"; document.head.appendChild(dropcapfontfamilylink2);<\/script><div class=\"text-editor-inner\" id=\"undefined\"><p class=\"spice-blocks-text-editor has-text-align-left wow animated        spiceEditor8de3ae17 undefined undefined\" style=\"margin:0px 0px 0px 0px;padding:0px 0px 0px 0px;font-size:18px;font-weight:400;line-height:28px;animation-delay:undefinedms;font-family:Open Sans\"><\/p><\/div>\n\n\n\n<p><\/p>\n","protected":false},"excerpt":{"rendered":"<p>Estatutos &#8211; 3\u00ba Altera\u00e7\u00e3o Estatutos &#8211; 2\u00ba Altera\u00e7\u00e3o Estatutos &#8211; 1\u00ba Altera\u00e7\u00e3o Estatutos Iniciais<\/p>\n","protected":false},"author":1,"featured_media":0,"parent":0,"menu_order":0,"comment_status":"closed","ping_status":"closed","template":"","meta":{"footnotes":""},"class_list":["post-151","page","type-page","status-publish","hentry"],"yoast_head":"<!-- This site is optimized with the Yoast SEO plugin v25.6 - https:\/\/yoast.com\/wordpress\/plugins\/seo\/ -->\n<title>Estatutos - Adilcan - Associa\u00e7\u00e3o de Desenvolvimento e Iniciativas Locais do Concelho de Ansi\u00e3o<\/title>\n<meta name=\"robots\" content=\"index, follow, max-snippet:-1, max-image-preview:large, max-video-preview:-1\" \/>\n<link rel=\"canonical\" href=\"https:\/\/adilcan.pt\/pt\/estatutos\/\" \/>\n<meta property=\"og:locale\" content=\"pt_PT\" \/>\n<meta property=\"og:type\" content=\"article\" \/>\n<meta property=\"og:title\" content=\"Estatutos - Adilcan - Associa\u00e7\u00e3o de Desenvolvimento e Iniciativas Locais do Concelho de Ansi\u00e3o\" \/>\n<meta property=\"og:description\" content=\"Estatutos &#8211; 3\u00ba Altera\u00e7\u00e3o Estatutos &#8211; 2\u00ba Altera\u00e7\u00e3o Estatutos &#8211; 1\u00ba Altera\u00e7\u00e3o Estatutos Iniciais\" \/>\n<meta property=\"og:url\" content=\"https:\/\/adilcan.pt\/pt\/estatutos\/\" \/>\n<meta property=\"og:site_name\" content=\"Adilcan - Associa\u00e7\u00e3o de Desenvolvimento e Iniciativas Locais do Concelho de Ansi\u00e3o\" \/>\n<meta property=\"article:publisher\" content=\"https:\/\/www.facebook.com\/AssDesenvIniciativasLocais\" \/>\n<meta property=\"article:modified_time\" content=\"2024-11-22T19:18:36+00:00\" \/>\n<meta name=\"twitter:card\" content=\"summary_large_image\" \/>\n<script type=\"application\/ld+json\" class=\"yoast-schema-graph\">{\"@context\":\"https:\/\/schema.org\",\"@graph\":[{\"@type\":\"WebPage\",\"@id\":\"https:\/\/adilcan.pt\/pt\/estatutos\/\",\"url\":\"https:\/\/adilcan.pt\/pt\/estatutos\/\",\"name\":\"Estatutos - Adilcan - Associa\u00e7\u00e3o de Desenvolvimento e Iniciativas Locais do Concelho de Ansi\u00e3o\",\"isPartOf\":{\"@id\":\"https:\/\/adilcan.pt\/pt\/#website\"},\"datePublished\":\"2024-11-22T19:14:22+00:00\",\"dateModified\":\"2024-11-22T19:18:36+00:00\",\"breadcrumb\":{\"@id\":\"https:\/\/adilcan.pt\/pt\/estatutos\/#breadcrumb\"},\"inLanguage\":\"pt-PT\",\"potentialAction\":[{\"@type\":\"ReadAction\",\"target\":[\"https:\/\/adilcan.pt\/pt\/estatutos\/\"]}]},{\"@type\":\"BreadcrumbList\",\"@id\":\"https:\/\/adilcan.pt\/pt\/estatutos\/#breadcrumb\",\"itemListElement\":[{\"@type\":\"ListItem\",\"position\":1,\"name\":\"In\u00edcio\",\"item\":\"https:\/\/adilcan.pt\/pt\/\"},{\"@type\":\"ListItem\",\"position\":2,\"name\":\"Estatutos\"}]},{\"@type\":\"WebSite\",\"@id\":\"https:\/\/adilcan.pt\/pt\/#website\",\"url\":\"https:\/\/adilcan.pt\/pt\/\",\"name\":\"Adilcan - Asocia\u00e7\u00e3o de Desenvolvimento e Iniciativas Locais do Concelho de Ansi\u00e3o\",\"description\":\"Adilcan - Associa\u00e7\u00e3o de Desenvolvimento e Iniciativas Locais do Concelho de Ansi\u00e3o\",\"publisher\":{\"@id\":\"https:\/\/adilcan.pt\/pt\/#organization\"},\"potentialAction\":[{\"@type\":\"SearchAction\",\"target\":{\"@type\":\"EntryPoint\",\"urlTemplate\":\"https:\/\/adilcan.pt\/pt\/?s={search_term_string}\"},\"query-input\":{\"@type\":\"PropertyValueSpecification\",\"valueRequired\":true,\"valueName\":\"search_term_string\"}}],\"inLanguage\":\"pt-PT\"},{\"@type\":\"Organization\",\"@id\":\"https:\/\/adilcan.pt\/pt\/#organization\",\"name\":\"Adilcan - Asocia\u00e7\u00e3o de Desenvolvimento e Iniciativas Locais do Concelho de Ansi\u00e3o\",\"url\":\"https:\/\/adilcan.pt\/pt\/\",\"logo\":{\"@type\":\"ImageObject\",\"inLanguage\":\"pt-PT\",\"@id\":\"https:\/\/adilcan.pt\/pt\/#\/schema\/logo\/image\/\",\"url\":\"https:\/\/adilcan.pt\/pt\/wp-content\/uploads\/2024\/11\/LOGO_Adilcan.png\",\"contentUrl\":\"https:\/\/adilcan.pt\/pt\/wp-content\/uploads\/2024\/11\/LOGO_Adilcan.png\",\"width\":384,\"height\":264,\"caption\":\"Adilcan - Asocia\u00e7\u00e3o de Desenvolvimento e Iniciativas Locais do Concelho de Ansi\u00e3o\"},\"image\":{\"@id\":\"https:\/\/adilcan.pt\/pt\/#\/schema\/logo\/image\/\"},\"sameAs\":[\"https:\/\/www.facebook.com\/AssDesenvIniciativasLocais\"]}]}<\/script>\n<!-- \/ Yoast SEO plugin. -->","yoast_head_json":{"title":"Estatutos - Adilcan - Associa\u00e7\u00e3o de Desenvolvimento e Iniciativas Locais do Concelho de Ansi\u00e3o","robots":{"index":"index","follow":"follow","max-snippet":"max-snippet:-1","max-image-preview":"max-image-preview:large","max-video-preview":"max-video-preview:-1"},"canonical":"https:\/\/adilcan.pt\/pt\/estatutos\/","og_locale":"pt_PT","og_type":"article","og_title":"Estatutos - Adilcan - Associa\u00e7\u00e3o de Desenvolvimento e Iniciativas Locais do Concelho de Ansi\u00e3o","og_description":"Estatutos &#8211; 3\u00ba Altera\u00e7\u00e3o Estatutos &#8211; 2\u00ba Altera\u00e7\u00e3o Estatutos &#8211; 1\u00ba Altera\u00e7\u00e3o Estatutos Iniciais","og_url":"https:\/\/adilcan.pt\/pt\/estatutos\/","og_site_name":"Adilcan - Associa\u00e7\u00e3o de Desenvolvimento e Iniciativas Locais do Concelho de Ansi\u00e3o","article_publisher":"https:\/\/www.facebook.com\/AssDesenvIniciativasLocais","article_modified_time":"2024-11-22T19:18:36+00:00","twitter_card":"summary_large_image","schema":{"@context":"https:\/\/schema.org","@graph":[{"@type":"WebPage","@id":"https:\/\/adilcan.pt\/pt\/estatutos\/","url":"https:\/\/adilcan.pt\/pt\/estatutos\/","name":"Estatutos - Adilcan - Associa\u00e7\u00e3o de Desenvolvimento e Iniciativas Locais do Concelho de Ansi\u00e3o","isPartOf":{"@id":"https:\/\/adilcan.pt\/pt\/#website"},"datePublished":"2024-11-22T19:14:22+00:00","dateModified":"2024-11-22T19:18:36+00:00","breadcrumb":{"@id":"https:\/\/adilcan.pt\/pt\/estatutos\/#breadcrumb"},"inLanguage":"pt-PT","potentialAction":[{"@type":"ReadAction","target":["https:\/\/adilcan.pt\/pt\/estatutos\/"]}]},{"@type":"BreadcrumbList","@id":"https:\/\/adilcan.pt\/pt\/estatutos\/#breadcrumb","itemListElement":[{"@type":"ListItem","position":1,"name":"In\u00edcio","item":"https:\/\/adilcan.pt\/pt\/"},{"@type":"ListItem","position":2,"name":"Estatutos"}]},{"@type":"WebSite","@id":"https:\/\/adilcan.pt\/pt\/#website","url":"https:\/\/adilcan.pt\/pt\/","name":"Adilcan - Asocia\u00e7\u00e3o de Desenvolvimento e Iniciativas Locais do Concelho de Ansi\u00e3o","description":"Adilcan - Associa\u00e7\u00e3o de Desenvolvimento e Iniciativas Locais do Concelho de Ansi\u00e3o","publisher":{"@id":"https:\/\/adilcan.pt\/pt\/#organization"},"potentialAction":[{"@type":"SearchAction","target":{"@type":"EntryPoint","urlTemplate":"https:\/\/adilcan.pt\/pt\/?s={search_term_string}"},"query-input":{"@type":"PropertyValueSpecification","valueRequired":true,"valueName":"search_term_string"}}],"inLanguage":"pt-PT"},{"@type":"Organization","@id":"https:\/\/adilcan.pt\/pt\/#organization","name":"Adilcan - Asocia\u00e7\u00e3o de Desenvolvimento e Iniciativas Locais do Concelho de Ansi\u00e3o","url":"https:\/\/adilcan.pt\/pt\/","logo":{"@type":"ImageObject","inLanguage":"pt-PT","@id":"https:\/\/adilcan.pt\/pt\/#\/schema\/logo\/image\/","url":"https:\/\/adilcan.pt\/pt\/wp-content\/uploads\/2024\/11\/LOGO_Adilcan.png","contentUrl":"https:\/\/adilcan.pt\/pt\/wp-content\/uploads\/2024\/11\/LOGO_Adilcan.png","width":384,"height":264,"caption":"Adilcan - Asocia\u00e7\u00e3o de Desenvolvimento e Iniciativas Locais do Concelho de Ansi\u00e3o"},"image":{"@id":"https:\/\/adilcan.pt\/pt\/#\/schema\/logo\/image\/"},"sameAs":["https:\/\/www.facebook.com\/AssDesenvIniciativasLocais"]}]}},"_links":{"self":[{"href":"https:\/\/adilcan.pt\/pt\/wp-json\/wp\/v2\/pages\/151","targetHints":{"allow":["GET"]}}],"collection":[{"href":"https:\/\/adilcan.pt\/pt\/wp-json\/wp\/v2\/pages"}],"about":[{"href":"https:\/\/adilcan.pt\/pt\/wp-json\/wp\/v2\/types\/page"}],"author":[{"embeddable":true,"href":"https:\/\/adilcan.pt\/pt\/wp-json\/wp\/v2\/users\/1"}],"replies":[{"embeddable":true,"href":"https:\/\/adilcan.pt\/pt\/wp-json\/wp\/v2\/comments?post=151"}],"version-history":[{"count":3,"href":"https:\/\/adilcan.pt\/pt\/wp-json\/wp\/v2\/pages\/151\/revisions"}],"predecessor-version":[{"id":160,"href":"https:\/\/adilcan.pt\/pt\/wp-json\/wp\/v2\/pages\/151\/revisions\/160"}],"wp:attachment":[{"href":"https:\/\/adilcan.pt\/pt\/wp-json\/wp\/v2\/media?parent=151"}],"curies":[{"name":"wp","href":"https:\/\/api.w.org\/{rel}","templated":true}]}}