{"id":126,"date":"2024-11-22T18:42:21","date_gmt":"2024-11-22T18:42:21","guid":{"rendered":"https:\/\/adilcan.pt\/pt\/?page_id=126"},"modified":"2025-03-26T18:17:19","modified_gmt":"2025-03-26T18:17:19","slug":"anuncio","status":"publish","type":"page","link":"https:\/\/adilcan.pt\/pt\/anuncio\/","title":{"rendered":"An\u00fancios"},"content":{"rendered":"\n<style>.text-editor-inner p.spiceEditorf0d4b997.has-dropcap:first-child:first-letter {\n\t\t\t\t\t\tcolor: undefined;\n\t\t\t\t\t\tbackground-color:undefined;\n\t\t\t\t\t\tfloat: left;\n\t\t\t\t\t\tfont-family: Open Sans;\n\t\t\t\t\t\tfont-size: 72px;\n\t\t\t\t\t\tfont-weight: 600;\n\t\t\t\t\t\ttext-transform:uppercase;\n\t\t\t\t\t\ttext-decoration:undefined;\n\t\t\t\t\t\tline-height: 60px;\n\t\t\t\t\t\tletter-spacing: undefinedpx;\n\t\t\t\t\t\tmargin: 10px 10px 10px 10px;\n\t\t\t\t\t\tpadding: 8px 12px 8px 12px;\n\t\t\t\t\t\t\t}\n\t\t\t\t\tundefined<\/style><script>var fontfamily2=`Open Sans`; var url2 = 'https:\/\/fonts.googleapis.com\/css2?family='+fontfamily2+':wght@100;200;300;400;500;600;700;800;900&amp;display=swap'; var link2 = document.createElement('link'); link2.href = url2; link2.rel = \"stylesheet\"; link2.type =  \"text\/css\"; document.head.appendChild(link2); var dropcapfontfamily2=`Open Sans`; var dropcapfontfamilyurl2 = 'https:\/\/fonts.googleapis.com\/css2?family='+dropcapfontfamily2+':wght@100;200;300;400;500;600;700;800;900&amp;display=swap'; var dropcapfontfamilylink2 = document.createElement('link'); dropcapfontfamilylink2.href = dropcapfontfamilyurl2; dropcapfontfamilylink2.rel = \"stylesheet\"; dropcapfontfamilylink2.type =  \"text\/css\"; document.head.appendChild(dropcapfontfamilylink2);<\/script><div class=\"text-editor-inner\" id=\"undefined\"><p class=\"spice-blocks-text-editor has-text-align-left wow animated        spiceEditorf0d4b997 undefined undefined\" style=\"margin:0px 0px 0px 0px;padding:0px 0px 0px 0px;font-size:18px;font-weight:400;line-height:28px;animation-delay:undefinedms;font-family:Open Sans\"><br><br><strong>Data: <\/strong>Ter\u00e7a-feira, 26 de Novembro de 2024<br><br><strong>Tendo em considera\u00e7\u00e3o a aprova\u00e7\u00e3o da candidatura:<\/strong><br><br>Opera\u00e7\u00e3o n.\u00ba\u00a0<strong>PESSOAS-FSE+-01081100<\/strong>, inserida na tipologia de opera\u00e7\u00e3o Forma\u00e7\u00f5es Modulares Certificadas, do Programa Tem\u00e1tico Demografia, Qualifica\u00e7\u00f5es e Inclus\u00e3o (<a href=\"https:\/\/pessoas2030.gov.pt\/\" target=\"_blank\" rel=\"noreferrer noopener\">PESSOAS 2030<\/a>).<br><br>A Adilcan lan\u00e7a procedimento pr\u00e9-contratual tendo em vista a contrata\u00e7\u00e3o de servi\u00e7os de forma\u00e7\u00e3o profissional para desenvolvimento da candidatura, por forma a assegurar a necess\u00e1ria transpar\u00eancia e concorr\u00eancia.<br><br>Para o efeito disponibilizamos os seguintes documentos:<br><\/p><\/div>\n\n\n\n<style>.spice-blocks-button-wrapper#spiceblocksbutton09136494 .wp-block-spice-blocks-spice-button{\n\t\t\t\t\t\t\tcolor: undefined;\n\t\t\t\t\t\t\tbackground:;\t\t\t\t\t\t\n\t\t\t\t\t\t\tborder:   ;\n\t\t\t\t\t\t\tborder-top:null;\n\t\t\t\t\t\t\tborder-right:null;\n\t\t\t\t\t\t\tborder-bottom:null;\n\t\t\t\t\t\t\tborder-left:null;\n\t\t\t\t\t\t\tborder-radius: 0px 0px 0px 0px;\n\t\t\t\t\t\t\tpadding:    ;\t\n\t\t\t\t\t\t\tfont-size: undefined;\n\t\t\t\t\t\t\tfont-weight: 600;\n\t\t\t\t\t\t\tline-height: 15px;\t\t\t\t\t\t\t\n\t\t\t\t\t\t\tbox-shadow: 0px 0px 0px #000;\n\t\t\t\t\t\t\tfont-family:Open Sans;\n\t\t\t\t\t\t\ttext-transform:undefined;\n\t\t\t\t\t\t\ttext-decoration:undefined;\n\t\t\t\t\t\t\tletter-spacing:undefinedpx;\n\t\t\t\t\t\t}\n\t\t\t\t\t\t\n\t\t\t\t\t\t.spice-blocks-button-wrapper#spiceblocksbutton09136494 .wp-block-spice-blocks-spice-button:hover{\n\t\t\t\t\t\t\tcolor: undefined;\n\t\t\t\t\t\t\tbackground:;\n\n\t\t\t\t\t\t}\n\t\t\t\t\t\t.spice-blocks-button-wrapper#spiceblocksbutton09136494{\n\t\t\t\t\t\t\tmargin: 0px 0px 0px 0px;\n\t\t\t\t\t\t\tanimation-delay: undefinedms;\n\t\t\t\t\t\t}\n\t\t\t\t\t\tundefined<\/style><script>var fontfamily2=`Open Sans`; var url2 = 'https:\/\/fonts.googleapis.com\/css2?family='+fontfamily2+':wght@100;200;300;400;500;600;700;800;900&amp;display=swap'; var link2 = document.createElement('link'); link2.href = url2; link2.rel = \"stylesheet\"; link2.type =  \"text\/css\"; document.head.appendChild(link2);<\/script><div class=\"spice-blocks-button-wrapper has-text-align-left wow animated       undefined undefined\" id=\"spiceblocksbutton09136494\"><a class=\"spice-blocks-button\" href=\"https:\/\/adilcan.pt\/pt\/wp-content\/uploads\/2024\/11\/Programa-Concurso.pdf\" id=\"undefined\"><span class=\"wp-block-spice-blocks-spice-button\" title=\"Programa de Concurso\">Programa de Concurso<\/span><\/a><\/div>\n\n\n\n<p><\/p>\n\n\n\n<style>.spice-blocks-button-wrapper#spiceblocksbuttona3355bd8 .wp-block-spice-blocks-spice-button{\n\t\t\t\t\t\t\tcolor: undefined;\n\t\t\t\t\t\t\tbackground:;\t\t\t\t\t\t\n\t\t\t\t\t\t\tborder:   ;\n\t\t\t\t\t\t\tborder-top:null;\n\t\t\t\t\t\t\tborder-right:null;\n\t\t\t\t\t\t\tborder-bottom:null;\n\t\t\t\t\t\t\tborder-left:null;\n\t\t\t\t\t\t\tborder-radius: 0px 0px 0px 0px;\n\t\t\t\t\t\t\tpadding:    ;\t\n\t\t\t\t\t\t\tfont-size: undefined;\n\t\t\t\t\t\t\tfont-weight: 600;\n\t\t\t\t\t\t\tline-height: 15px;\t\t\t\t\t\t\t\n\t\t\t\t\t\t\tbox-shadow: 0px 0px 0px #000;\n\t\t\t\t\t\t\tfont-family:Open Sans;\n\t\t\t\t\t\t\ttext-transform:undefined;\n\t\t\t\t\t\t\ttext-decoration:undefined;\n\t\t\t\t\t\t\tletter-spacing:undefinedpx;\n\t\t\t\t\t\t}\n\t\t\t\t\t\t\n\t\t\t\t\t\t.spice-blocks-button-wrapper#spiceblocksbuttona3355bd8 .wp-block-spice-blocks-spice-button:hover{\n\t\t\t\t\t\t\tcolor: undefined;\n\t\t\t\t\t\t\tbackground:;\n\n\t\t\t\t\t\t}\n\t\t\t\t\t\t.spice-blocks-button-wrapper#spiceblocksbuttona3355bd8{\n\t\t\t\t\t\t\tmargin: 0px 0px 0px 0px;\n\t\t\t\t\t\t\tanimation-delay: undefinedms;\n\t\t\t\t\t\t}\n\t\t\t\t\t\tundefined<\/style><script>var fontfamily2=`Open Sans`; var url2 = 'https:\/\/fonts.googleapis.com\/css2?family='+fontfamily2+':wght@100;200;300;400;500;600;700;800;900&amp;display=swap'; var link2 = document.createElement('link'); link2.href = url2; link2.rel = \"stylesheet\"; link2.type =  \"text\/css\"; document.head.appendChild(link2);<\/script><div class=\"spice-blocks-button-wrapper has-text-align-left wow animated       undefined undefined\" id=\"spiceblocksbuttona3355bd8\"><a class=\"spice-blocks-button\" href=\"https:\/\/adilcan.pt\/pt\/wp-content\/uploads\/2024\/11\/CadernoEncargos.pdf\" id=\"undefined\"><span class=\"wp-block-spice-blocks-spice-button\" title=\"Caderno de Encargos\">Caderno de Encargos<\/span><\/a><\/div>\n\n\n\n<style>.spice-blocks-image#spiceblocksimageec14e230{\n\t\t\t\t\t\tbackground-color:undefined;\t\t\t\t\t\t\n\t\t\t\t\t\tanimation-delay: undefinedms;\n\t\t\t\t\t\tmargin: 0px 0px 0px 0px;\n\t\t\t\t\t\tpadding: 0px 0px 0px 0px;\t\t\n\t\t\t\t\t\tfont-size:0;\t\t\t\t\t\t\n\t\t\t\t\t}\n\t\t\t\t\t.spice-blocks-image#spiceblocksimageec14e230 img{\n\t\t\t\t\t\tbox-shadow: 0px 0px 0px #000;\t\t\t\t\t\t\n\t\t\t\t\t}\n\t\t\t\t\t.spice-blocks-image#spiceblocksimageec14e230 img{\n\t\t\t\t\t\tborder:   ;\n\t\t\t\t\t\tborder-top:null;\n\t\t\t\t\t\tborder-right:null;\n\t\t\t\t\t\tborder-bottom:null;\n\t\t\t\t\t\tborder-left:null;\n\t\t\t\t\t\tborder-radius: 0px 0px 0px 0px;\n\t\t\t\t\t\twidth: undefinedpx;\n\t  \t\t\t\t\theight: undefinedpx;\n\t  \t\t\t\t\topacity: undefined;\n\t\t\t\t\t\tobject-fit: initial;\n\t\t\t\t\t\tfilter: brightness( 100% ) contrast( 100% ) saturate( 100% ) blur( 0px ) hue-rotate( 0deg );\n\t\t\t\t\t}\n\t\t\t\t\t.spice-blocks-image#spiceblocksimageec14e230 span{\t\t\t\t\t\t\n\t\t\t\t\t\t\/\/ display: flex;\n\t\t\t\t\t\tfont-size: 16px;\n\t\t\t\t\t\tfont-weight: 600;\n\t\t\t\t\t\tline-height: 58px;\n\t\t\t\t\t\tfont-family: Open Sans;\n\t\t\t\t\t\ttext-transform:undefined;\n\t\t\t\t\t\ttext-decoration:undefined;\n\t\t\t\t\t\tletter-spacing:undefinedpx;\n\t\t\t\t\t\tcolor:#000;\n\t\t\t\t\t\tpadding: 0px 0px 0px 0px;\n\t\t\t\t\t}\n\t\t\t\t\tundefined<\/style><script>var fontfamily2=`Open Sans`; var url2 = 'https:\/\/fonts.googleapis.com\/css2?family='+fontfamily2+':wght@100;200;300;400;500;600;700;800;900&amp;display=swap'; var link2 = document.createElement('link'); link2.href = url2; link2.rel = \"stylesheet\"; link2.type =  \"text\/css\"; document.head.appendChild(link2);<\/script><div id=\"spiceblocksimageec14e230\" class=\"image-upload-wrapper spice-blocks-image has-text-align-left wow animated       undefined undefined\"><div class=\"spice-img\" id=\"undefined\"><img  title=\"\"  alt=\"Pessoas-2030-Programa-demografia-qualificacoes-e-inclusao An\u00fancios\" decoding=\"async\" src=\"https:\/\/adilcan.pt\/pt\/wp-content\/uploads\/2024\/11\/Pessoas-2030-Programa-demografia-qualificacoes-e-inclusao.png\"\/><\/div><\/div>\n\n\n\n<style>.text-editor-inner p.spiceEditorb186ce1d.has-dropcap:first-child:first-letter {\n\t\t\t\t\t\tcolor: undefined;\n\t\t\t\t\t\tbackground-color:undefined;\n\t\t\t\t\t\tfloat: left;\n\t\t\t\t\t\tfont-family: Open Sans;\n\t\t\t\t\t\tfont-size: 72px;\n\t\t\t\t\t\tfont-weight: 600;\n\t\t\t\t\t\ttext-transform:uppercase;\n\t\t\t\t\t\ttext-decoration:undefined;\n\t\t\t\t\t\tline-height: 60px;\n\t\t\t\t\t\tletter-spacing: undefinedpx;\n\t\t\t\t\t\tmargin: 10px 10px 10px 10px;\n\t\t\t\t\t\tpadding: 8px 12px 8px 12px;\n\t\t\t\t\t\t\t}\n\t\t\t\t\tundefined<\/style><script>var fontfamily2=`Open Sans`; var url2 = 'https:\/\/fonts.googleapis.com\/css2?family='+fontfamily2+':wght@100;200;300;400;500;600;700;800;900&amp;display=swap'; var link2 = document.createElement('link'); link2.href = url2; link2.rel = \"stylesheet\"; link2.type =  \"text\/css\"; document.head.appendChild(link2); var dropcapfontfamily2=`Open Sans`; var dropcapfontfamilyurl2 = 'https:\/\/fonts.googleapis.com\/css2?family='+dropcapfontfamily2+':wght@100;200;300;400;500;600;700;800;900&amp;display=swap'; var dropcapfontfamilylink2 = document.createElement('link'); dropcapfontfamilylink2.href = dropcapfontfamilyurl2; dropcapfontfamilylink2.rel = \"stylesheet\"; dropcapfontfamilylink2.type =  \"text\/css\"; document.head.appendChild(dropcapfontfamilylink2);<\/script><div class=\"text-editor-inner\" id=\"undefined\"><p class=\"spice-blocks-text-editor has-text-align-left wow animated        spiceEditorb186ce1d undefined undefined\" style=\"margin:0px 0px 0px 0px;padding:0px 0px 0px 0px;font-size:18px;font-weight:400;line-height:28px;animation-delay:undefinedms;font-family:Open Sans\">Outros Artigos<\/p><\/div>\n\n\n<ul class=\"wp-block-latest-posts__list wp-block-latest-posts\"><li><a class=\"wp-block-latest-posts__post-title\" href=\"https:\/\/adilcan.pt\/pt\/2026\/01\/09\/feira-dos-pinhoes-candidaturas-abertas-para-exploracao-de-2-espacos\/\">Feira dos Pinh\u00f5es: Candidaturas Abertas para Explora\u00e7\u00e3o de 2 Espa\u00e7os<\/a><\/li>\n<li><a class=\"wp-block-latest-posts__post-title\" href=\"https:\/\/adilcan.pt\/pt\/2025\/08\/01\/adilcan-formacoes-modulares-certificadas\/\">ADILCAN- Forma\u00e7\u00f5es Modulares Certificadas<\/a><\/li>\n<li><a class=\"wp-block-latest-posts__post-title\" href=\"https:\/\/adilcan.pt\/pt\/2025\/08\/01\/adilcan-clds-5g-de-ansiao\/\">ADILCAN &#8211; CLDS 5G de Ansi\u00e3o<\/a><\/li>\n<li><a class=\"wp-block-latest-posts__post-title\" href=\"https:\/\/adilcan.pt\/pt\/2023\/06\/01\/projetos-cofinanciados-bairro-comercial-digital-ansiao\/\">Projetos Cofinanciados &#8211; Bairro Comercial Digital &#8211; Ansi\u00e3o<\/a><\/li>\n<\/ul>","protected":false},"excerpt":{"rendered":"","protected":false},"author":1,"featured_media":0,"parent":0,"menu_order":0,"comment_status":"closed","ping_status":"closed","template":"","meta":{"footnotes":""},"class_list":["post-126","page","type-page","status-publish","hentry"],"yoast_head":"<!-- This site is optimized with the Yoast SEO plugin v25.6 - https:\/\/yoast.com\/wordpress\/plugins\/seo\/ -->\n<title>An\u00fancios - Adilcan - Associa\u00e7\u00e3o de Desenvolvimento e Iniciativas Locais do Concelho de Ansi\u00e3o<\/title>\n<meta name=\"robots\" content=\"index, follow, max-snippet:-1, max-image-preview:large, max-video-preview:-1\" \/>\n<link rel=\"canonical\" href=\"https:\/\/adilcan.pt\/pt\/anuncio\/\" \/>\n<meta property=\"og:locale\" content=\"pt_PT\" \/>\n<meta property=\"og:type\" content=\"article\" \/>\n<meta property=\"og:title\" content=\"An\u00fancios - Adilcan - Associa\u00e7\u00e3o de Desenvolvimento e Iniciativas Locais do Concelho de Ansi\u00e3o\" \/>\n<meta property=\"og:url\" content=\"https:\/\/adilcan.pt\/pt\/anuncio\/\" \/>\n<meta property=\"og:site_name\" content=\"Adilcan - Associa\u00e7\u00e3o de Desenvolvimento e Iniciativas Locais do Concelho de Ansi\u00e3o\" \/>\n<meta property=\"article:publisher\" content=\"https:\/\/www.facebook.com\/AssDesenvIniciativasLocais\" \/>\n<meta property=\"article:modified_time\" content=\"2025-03-26T18:17:19+00:00\" \/>\n<meta property=\"og:image\" content=\"https:\/\/adilcan.pt\/pt\/wp-content\/uploads\/2024\/11\/Pessoas-2030-Programa-demografia-qualificacoes-e-inclusao.png\" \/>\n<meta name=\"twitter:card\" content=\"summary_large_image\" \/>\n<meta name=\"twitter:label1\" content=\"Tempo estimado de leitura\" \/>\n\t<meta name=\"twitter:data1\" content=\"1 minuto\" \/>\n<script type=\"application\/ld+json\" class=\"yoast-schema-graph\">{\"@context\":\"https:\/\/schema.org\",\"@graph\":[{\"@type\":\"WebPage\",\"@id\":\"https:\/\/adilcan.pt\/pt\/anuncio\/\",\"url\":\"https:\/\/adilcan.pt\/pt\/anuncio\/\",\"name\":\"An\u00fancios - Adilcan - Associa\u00e7\u00e3o de Desenvolvimento e Iniciativas Locais do Concelho de Ansi\u00e3o\",\"isPartOf\":{\"@id\":\"https:\/\/adilcan.pt\/pt\/#website\"},\"primaryImageOfPage\":{\"@id\":\"https:\/\/adilcan.pt\/pt\/anuncio\/#primaryimage\"},\"image\":{\"@id\":\"https:\/\/adilcan.pt\/pt\/anuncio\/#primaryimage\"},\"thumbnailUrl\":\"https:\/\/adilcan.pt\/pt\/wp-content\/uploads\/2024\/11\/Pessoas-2030-Programa-demografia-qualificacoes-e-inclusao.png\",\"datePublished\":\"2024-11-22T18:42:21+00:00\",\"dateModified\":\"2025-03-26T18:17:19+00:00\",\"breadcrumb\":{\"@id\":\"https:\/\/adilcan.pt\/pt\/anuncio\/#breadcrumb\"},\"inLanguage\":\"pt-PT\",\"potentialAction\":[{\"@type\":\"ReadAction\",\"target\":[\"https:\/\/adilcan.pt\/pt\/anuncio\/\"]}]},{\"@type\":\"ImageObject\",\"inLanguage\":\"pt-PT\",\"@id\":\"https:\/\/adilcan.pt\/pt\/anuncio\/#primaryimage\",\"url\":\"https:\/\/adilcan.pt\/pt\/wp-content\/uploads\/2024\/11\/Pessoas-2030-Programa-demografia-qualificacoes-e-inclusao.png\",\"contentUrl\":\"https:\/\/adilcan.pt\/pt\/wp-content\/uploads\/2024\/11\/Pessoas-2030-Programa-demografia-qualificacoes-e-inclusao.png\",\"width\":949,\"height\":123},{\"@type\":\"BreadcrumbList\",\"@id\":\"https:\/\/adilcan.pt\/pt\/anuncio\/#breadcrumb\",\"itemListElement\":[{\"@type\":\"ListItem\",\"position\":1,\"name\":\"In\u00edcio\",\"item\":\"https:\/\/adilcan.pt\/pt\/\"},{\"@type\":\"ListItem\",\"position\":2,\"name\":\"An\u00fancios\"}]},{\"@type\":\"WebSite\",\"@id\":\"https:\/\/adilcan.pt\/pt\/#website\",\"url\":\"https:\/\/adilcan.pt\/pt\/\",\"name\":\"Adilcan - Asocia\u00e7\u00e3o de Desenvolvimento e Iniciativas Locais do Concelho de Ansi\u00e3o\",\"description\":\"Adilcan - Associa\u00e7\u00e3o de Desenvolvimento e Iniciativas Locais do Concelho de Ansi\u00e3o\",\"publisher\":{\"@id\":\"https:\/\/adilcan.pt\/pt\/#organization\"},\"potentialAction\":[{\"@type\":\"SearchAction\",\"target\":{\"@type\":\"EntryPoint\",\"urlTemplate\":\"https:\/\/adilcan.pt\/pt\/?s={search_term_string}\"},\"query-input\":{\"@type\":\"PropertyValueSpecification\",\"valueRequired\":true,\"valueName\":\"search_term_string\"}}],\"inLanguage\":\"pt-PT\"},{\"@type\":\"Organization\",\"@id\":\"https:\/\/adilcan.pt\/pt\/#organization\",\"name\":\"Adilcan - Asocia\u00e7\u00e3o de Desenvolvimento e Iniciativas Locais do Concelho de Ansi\u00e3o\",\"url\":\"https:\/\/adilcan.pt\/pt\/\",\"logo\":{\"@type\":\"ImageObject\",\"inLanguage\":\"pt-PT\",\"@id\":\"https:\/\/adilcan.pt\/pt\/#\/schema\/logo\/image\/\",\"url\":\"https:\/\/adilcan.pt\/pt\/wp-content\/uploads\/2024\/11\/LOGO_Adilcan.png\",\"contentUrl\":\"https:\/\/adilcan.pt\/pt\/wp-content\/uploads\/2024\/11\/LOGO_Adilcan.png\",\"width\":384,\"height\":264,\"caption\":\"Adilcan - Asocia\u00e7\u00e3o de Desenvolvimento e Iniciativas Locais do Concelho de Ansi\u00e3o\"},\"image\":{\"@id\":\"https:\/\/adilcan.pt\/pt\/#\/schema\/logo\/image\/\"},\"sameAs\":[\"https:\/\/www.facebook.com\/AssDesenvIniciativasLocais\"]}]}<\/script>\n<!-- \/ Yoast SEO plugin. -->","yoast_head_json":{"title":"An\u00fancios - Adilcan - Associa\u00e7\u00e3o de Desenvolvimento e Iniciativas Locais do Concelho de Ansi\u00e3o","robots":{"index":"index","follow":"follow","max-snippet":"max-snippet:-1","max-image-preview":"max-image-preview:large","max-video-preview":"max-video-preview:-1"},"canonical":"https:\/\/adilcan.pt\/pt\/anuncio\/","og_locale":"pt_PT","og_type":"article","og_title":"An\u00fancios - Adilcan - Associa\u00e7\u00e3o de Desenvolvimento e Iniciativas Locais do Concelho de Ansi\u00e3o","og_url":"https:\/\/adilcan.pt\/pt\/anuncio\/","og_site_name":"Adilcan - Associa\u00e7\u00e3o de Desenvolvimento e Iniciativas Locais do Concelho de Ansi\u00e3o","article_publisher":"https:\/\/www.facebook.com\/AssDesenvIniciativasLocais","article_modified_time":"2025-03-26T18:17:19+00:00","og_image":[{"url":"https:\/\/adilcan.pt\/pt\/wp-content\/uploads\/2024\/11\/Pessoas-2030-Programa-demografia-qualificacoes-e-inclusao.png","type":"","width":"","height":""}],"twitter_card":"summary_large_image","twitter_misc":{"Tempo estimado de leitura":"1 minuto"},"schema":{"@context":"https:\/\/schema.org","@graph":[{"@type":"WebPage","@id":"https:\/\/adilcan.pt\/pt\/anuncio\/","url":"https:\/\/adilcan.pt\/pt\/anuncio\/","name":"An\u00fancios - Adilcan - Associa\u00e7\u00e3o de Desenvolvimento e Iniciativas Locais do Concelho de Ansi\u00e3o","isPartOf":{"@id":"https:\/\/adilcan.pt\/pt\/#website"},"primaryImageOfPage":{"@id":"https:\/\/adilcan.pt\/pt\/anuncio\/#primaryimage"},"image":{"@id":"https:\/\/adilcan.pt\/pt\/anuncio\/#primaryimage"},"thumbnailUrl":"https:\/\/adilcan.pt\/pt\/wp-content\/uploads\/2024\/11\/Pessoas-2030-Programa-demografia-qualificacoes-e-inclusao.png","datePublished":"2024-11-22T18:42:21+00:00","dateModified":"2025-03-26T18:17:19+00:00","breadcrumb":{"@id":"https:\/\/adilcan.pt\/pt\/anuncio\/#breadcrumb"},"inLanguage":"pt-PT","potentialAction":[{"@type":"ReadAction","target":["https:\/\/adilcan.pt\/pt\/anuncio\/"]}]},{"@type":"ImageObject","inLanguage":"pt-PT","@id":"https:\/\/adilcan.pt\/pt\/anuncio\/#primaryimage","url":"https:\/\/adilcan.pt\/pt\/wp-content\/uploads\/2024\/11\/Pessoas-2030-Programa-demografia-qualificacoes-e-inclusao.png","contentUrl":"https:\/\/adilcan.pt\/pt\/wp-content\/uploads\/2024\/11\/Pessoas-2030-Programa-demografia-qualificacoes-e-inclusao.png","width":949,"height":123},{"@type":"BreadcrumbList","@id":"https:\/\/adilcan.pt\/pt\/anuncio\/#breadcrumb","itemListElement":[{"@type":"ListItem","position":1,"name":"In\u00edcio","item":"https:\/\/adilcan.pt\/pt\/"},{"@type":"ListItem","position":2,"name":"An\u00fancios"}]},{"@type":"WebSite","@id":"https:\/\/adilcan.pt\/pt\/#website","url":"https:\/\/adilcan.pt\/pt\/","name":"Adilcan - Asocia\u00e7\u00e3o de Desenvolvimento e Iniciativas Locais do Concelho de Ansi\u00e3o","description":"Adilcan - Associa\u00e7\u00e3o de Desenvolvimento e Iniciativas Locais do Concelho de Ansi\u00e3o","publisher":{"@id":"https:\/\/adilcan.pt\/pt\/#organization"},"potentialAction":[{"@type":"SearchAction","target":{"@type":"EntryPoint","urlTemplate":"https:\/\/adilcan.pt\/pt\/?s={search_term_string}"},"query-input":{"@type":"PropertyValueSpecification","valueRequired":true,"valueName":"search_term_string"}}],"inLanguage":"pt-PT"},{"@type":"Organization","@id":"https:\/\/adilcan.pt\/pt\/#organization","name":"Adilcan - Asocia\u00e7\u00e3o de Desenvolvimento e Iniciativas Locais do Concelho de Ansi\u00e3o","url":"https:\/\/adilcan.pt\/pt\/","logo":{"@type":"ImageObject","inLanguage":"pt-PT","@id":"https:\/\/adilcan.pt\/pt\/#\/schema\/logo\/image\/","url":"https:\/\/adilcan.pt\/pt\/wp-content\/uploads\/2024\/11\/LOGO_Adilcan.png","contentUrl":"https:\/\/adilcan.pt\/pt\/wp-content\/uploads\/2024\/11\/LOGO_Adilcan.png","width":384,"height":264,"caption":"Adilcan - Asocia\u00e7\u00e3o de Desenvolvimento e Iniciativas Locais do Concelho de Ansi\u00e3o"},"image":{"@id":"https:\/\/adilcan.pt\/pt\/#\/schema\/logo\/image\/"},"sameAs":["https:\/\/www.facebook.com\/AssDesenvIniciativasLocais"]}]}},"_links":{"self":[{"href":"https:\/\/adilcan.pt\/pt\/wp-json\/wp\/v2\/pages\/126","targetHints":{"allow":["GET"]}}],"collection":[{"href":"https:\/\/adilcan.pt\/pt\/wp-json\/wp\/v2\/pages"}],"about":[{"href":"https:\/\/adilcan.pt\/pt\/wp-json\/wp\/v2\/types\/page"}],"author":[{"embeddable":true,"href":"https:\/\/adilcan.pt\/pt\/wp-json\/wp\/v2\/users\/1"}],"replies":[{"embeddable":true,"href":"https:\/\/adilcan.pt\/pt\/wp-json\/wp\/v2\/comments?post=126"}],"version-history":[{"count":12,"href":"https:\/\/adilcan.pt\/pt\/wp-json\/wp\/v2\/pages\/126\/revisions"}],"predecessor-version":[{"id":193,"href":"https:\/\/adilcan.pt\/pt\/wp-json\/wp\/v2\/pages\/126\/revisions\/193"}],"wp:attachment":[{"href":"https:\/\/adilcan.pt\/pt\/wp-json\/wp\/v2\/media?parent=126"}],"curies":[{"name":"wp","href":"https:\/\/api.w.org\/{rel}","templated":true}]}}