{"id":114,"date":"2024-11-22T18:12:54","date_gmt":"2024-11-22T18:12:54","guid":{"rendered":"https:\/\/adilcan.pt\/pt\/?page_id=114"},"modified":"2024-11-22T18:18:28","modified_gmt":"2024-11-22T18:18:28","slug":"contactos","status":"publish","type":"page","link":"https:\/\/adilcan.pt\/pt\/contactos\/","title":{"rendered":"Contactos"},"content":{"rendered":"\n<p><\/p>\n\n\n\n<p><strong>Contatos da ADILCAN:<\/strong><\/p>\n\n\n\n<p>Telefone: +351 236 670 205<\/p>\n\n\n\n<p>Email: geral@adilcan.pt<\/p>\n\n\n\n<p><\/p>\n\n\n\n<div class=\"wp-block-contact-form-7-contact-form-selector\">\n<div class=\"wpcf7 no-js\" id=\"wpcf7-f62-o1\" lang=\"pt-PT\" dir=\"ltr\" data-wpcf7-id=\"62\">\n<div class=\"screen-reader-response\"><p role=\"status\" aria-live=\"polite\" aria-atomic=\"true\"><\/p> <ul><\/ul><\/div>\n<form action=\"\/pt\/wp-json\/wp\/v2\/pages\/114#wpcf7-f62-o1\" method=\"post\" class=\"wpcf7-form init\" aria-label=\"Formul\u00e1rio de contacto\" novalidate=\"novalidate\" data-status=\"init\">\n<fieldset class=\"hidden-fields-container\"><input type=\"hidden\" name=\"_wpcf7\" value=\"62\" \/><input type=\"hidden\" name=\"_wpcf7_version\" value=\"6.1\" \/><input type=\"hidden\" name=\"_wpcf7_locale\" value=\"pt_PT\" \/><input type=\"hidden\" name=\"_wpcf7_unit_tag\" value=\"wpcf7-f62-o1\" \/><input type=\"hidden\" name=\"_wpcf7_container_post\" value=\"0\" \/><input type=\"hidden\" name=\"_wpcf7_posted_data_hash\" value=\"\" \/>\n<\/fieldset>\n<p><label> O seu nome<br \/>\n<span class=\"wpcf7-form-control-wrap\" data-name=\"your-name\"><input size=\"40\" maxlength=\"400\" class=\"wpcf7-form-control wpcf7-text wpcf7-validates-as-required\" autocomplete=\"name\" aria-required=\"true\" aria-invalid=\"false\" value=\"\" type=\"text\" name=\"your-name\" \/><\/span> <\/label>\n<\/p>\n<p><label> O seu email<br \/>\n<span class=\"wpcf7-form-control-wrap\" data-name=\"your-email\"><input size=\"40\" maxlength=\"400\" class=\"wpcf7-form-control wpcf7-email wpcf7-validates-as-required wpcf7-text wpcf7-validates-as-email\" autocomplete=\"email\" aria-required=\"true\" aria-invalid=\"false\" value=\"\" type=\"email\" name=\"your-email\" \/><\/span> <\/label>\n<\/p>\n<p><label> Assunto<br \/>\n<span class=\"wpcf7-form-control-wrap\" data-name=\"your-subject\"><input size=\"40\" maxlength=\"400\" class=\"wpcf7-form-control wpcf7-text wpcf7-validates-as-required\" aria-required=\"true\" aria-invalid=\"false\" value=\"\" type=\"text\" name=\"your-subject\" \/><\/span> <\/label>\n<\/p>\n<p><label> A sua mensagem (opcional)<br \/>\n<span class=\"wpcf7-form-control-wrap\" data-name=\"your-message\"><textarea cols=\"40\" rows=\"10\" maxlength=\"2000\" class=\"wpcf7-form-control wpcf7-textarea\" aria-invalid=\"false\" name=\"your-message\"><\/textarea><\/span> <\/label>\n<\/p>\n<p><input class=\"wpcf7-form-control wpcf7-submit has-spinner\" type=\"submit\" value=\"Submeter\" \/>\n<\/p><div class=\"wpcf7-response-output\" aria-hidden=\"true\"><\/div>\n<\/form>\n<\/div>\n<\/div>\n\n\n\n<p><\/p>\n","protected":false},"excerpt":{"rendered":"<p>Contatos da ADILCAN: Telefone: +351 236 670 205 Email: geral@adilcan.pt<\/p>\n","protected":false},"author":1,"featured_media":0,"parent":0,"menu_order":0,"comment_status":"closed","ping_status":"closed","template":"","meta":{"footnotes":""},"class_list":["post-114","page","type-page","status-publish","hentry"],"yoast_head":"<!-- This site is optimized with the Yoast SEO plugin v25.6 - https:\/\/yoast.com\/wordpress\/plugins\/seo\/ -->\n<title>Contactos - Adilcan - Associa\u00e7\u00e3o de Desenvolvimento e Iniciativas Locais do Concelho de Ansi\u00e3o<\/title>\n<meta name=\"robots\" content=\"index, follow, max-snippet:-1, max-image-preview:large, max-video-preview:-1\" \/>\n<link rel=\"canonical\" href=\"https:\/\/adilcan.pt\/pt\/contactos\/\" \/>\n<meta property=\"og:locale\" content=\"pt_PT\" \/>\n<meta property=\"og:type\" content=\"article\" \/>\n<meta property=\"og:title\" content=\"Contactos - Adilcan - Associa\u00e7\u00e3o de Desenvolvimento e Iniciativas Locais do Concelho de Ansi\u00e3o\" \/>\n<meta property=\"og:description\" content=\"Contatos da ADILCAN: Telefone: +351 236 670 205 Email: geral@adilcan.pt\" \/>\n<meta property=\"og:url\" content=\"https:\/\/adilcan.pt\/pt\/contactos\/\" \/>\n<meta property=\"og:site_name\" content=\"Adilcan - Associa\u00e7\u00e3o de Desenvolvimento e Iniciativas Locais do Concelho de Ansi\u00e3o\" \/>\n<meta property=\"article:publisher\" content=\"https:\/\/www.facebook.com\/AssDesenvIniciativasLocais\" \/>\n<meta property=\"article:modified_time\" content=\"2024-11-22T18:18:28+00:00\" \/>\n<meta name=\"twitter:card\" content=\"summary_large_image\" \/>\n<script type=\"application\/ld+json\" class=\"yoast-schema-graph\">{\"@context\":\"https:\/\/schema.org\",\"@graph\":[{\"@type\":\"WebPage\",\"@id\":\"https:\/\/adilcan.pt\/pt\/contactos\/\",\"url\":\"https:\/\/adilcan.pt\/pt\/contactos\/\",\"name\":\"Contactos - Adilcan - Associa\u00e7\u00e3o de Desenvolvimento e Iniciativas Locais do Concelho de Ansi\u00e3o\",\"isPartOf\":{\"@id\":\"https:\/\/adilcan.pt\/pt\/#website\"},\"datePublished\":\"2024-11-22T18:12:54+00:00\",\"dateModified\":\"2024-11-22T18:18:28+00:00\",\"breadcrumb\":{\"@id\":\"https:\/\/adilcan.pt\/pt\/contactos\/#breadcrumb\"},\"inLanguage\":\"pt-PT\",\"potentialAction\":[{\"@type\":\"ReadAction\",\"target\":[\"https:\/\/adilcan.pt\/pt\/contactos\/\"]}]},{\"@type\":\"BreadcrumbList\",\"@id\":\"https:\/\/adilcan.pt\/pt\/contactos\/#breadcrumb\",\"itemListElement\":[{\"@type\":\"ListItem\",\"position\":1,\"name\":\"In\u00edcio\",\"item\":\"https:\/\/adilcan.pt\/pt\/\"},{\"@type\":\"ListItem\",\"position\":2,\"name\":\"Contactos\"}]},{\"@type\":\"WebSite\",\"@id\":\"https:\/\/adilcan.pt\/pt\/#website\",\"url\":\"https:\/\/adilcan.pt\/pt\/\",\"name\":\"Adilcan - Asocia\u00e7\u00e3o de Desenvolvimento e Iniciativas Locais do Concelho de Ansi\u00e3o\",\"description\":\"Adilcan - Associa\u00e7\u00e3o de Desenvolvimento e Iniciativas Locais do Concelho de Ansi\u00e3o\",\"publisher\":{\"@id\":\"https:\/\/adilcan.pt\/pt\/#organization\"},\"potentialAction\":[{\"@type\":\"SearchAction\",\"target\":{\"@type\":\"EntryPoint\",\"urlTemplate\":\"https:\/\/adilcan.pt\/pt\/?s={search_term_string}\"},\"query-input\":{\"@type\":\"PropertyValueSpecification\",\"valueRequired\":true,\"valueName\":\"search_term_string\"}}],\"inLanguage\":\"pt-PT\"},{\"@type\":\"Organization\",\"@id\":\"https:\/\/adilcan.pt\/pt\/#organization\",\"name\":\"Adilcan - Asocia\u00e7\u00e3o de Desenvolvimento e Iniciativas Locais do Concelho de Ansi\u00e3o\",\"url\":\"https:\/\/adilcan.pt\/pt\/\",\"logo\":{\"@type\":\"ImageObject\",\"inLanguage\":\"pt-PT\",\"@id\":\"https:\/\/adilcan.pt\/pt\/#\/schema\/logo\/image\/\",\"url\":\"https:\/\/adilcan.pt\/pt\/wp-content\/uploads\/2024\/11\/LOGO_Adilcan.png\",\"contentUrl\":\"https:\/\/adilcan.pt\/pt\/wp-content\/uploads\/2024\/11\/LOGO_Adilcan.png\",\"width\":384,\"height\":264,\"caption\":\"Adilcan - Asocia\u00e7\u00e3o de Desenvolvimento e Iniciativas Locais do Concelho de Ansi\u00e3o\"},\"image\":{\"@id\":\"https:\/\/adilcan.pt\/pt\/#\/schema\/logo\/image\/\"},\"sameAs\":[\"https:\/\/www.facebook.com\/AssDesenvIniciativasLocais\"]}]}<\/script>\n<!-- \/ Yoast SEO plugin. -->","yoast_head_json":{"title":"Contactos - Adilcan - Associa\u00e7\u00e3o de Desenvolvimento e Iniciativas Locais do Concelho de Ansi\u00e3o","robots":{"index":"index","follow":"follow","max-snippet":"max-snippet:-1","max-image-preview":"max-image-preview:large","max-video-preview":"max-video-preview:-1"},"canonical":"https:\/\/adilcan.pt\/pt\/contactos\/","og_locale":"pt_PT","og_type":"article","og_title":"Contactos - Adilcan - Associa\u00e7\u00e3o de Desenvolvimento e Iniciativas Locais do Concelho de Ansi\u00e3o","og_description":"Contatos da ADILCAN: Telefone: +351 236 670 205 Email: geral@adilcan.pt","og_url":"https:\/\/adilcan.pt\/pt\/contactos\/","og_site_name":"Adilcan - Associa\u00e7\u00e3o de Desenvolvimento e Iniciativas Locais do Concelho de Ansi\u00e3o","article_publisher":"https:\/\/www.facebook.com\/AssDesenvIniciativasLocais","article_modified_time":"2024-11-22T18:18:28+00:00","twitter_card":"summary_large_image","schema":{"@context":"https:\/\/schema.org","@graph":[{"@type":"WebPage","@id":"https:\/\/adilcan.pt\/pt\/contactos\/","url":"https:\/\/adilcan.pt\/pt\/contactos\/","name":"Contactos - Adilcan - Associa\u00e7\u00e3o de Desenvolvimento e Iniciativas Locais do Concelho de Ansi\u00e3o","isPartOf":{"@id":"https:\/\/adilcan.pt\/pt\/#website"},"datePublished":"2024-11-22T18:12:54+00:00","dateModified":"2024-11-22T18:18:28+00:00","breadcrumb":{"@id":"https:\/\/adilcan.pt\/pt\/contactos\/#breadcrumb"},"inLanguage":"pt-PT","potentialAction":[{"@type":"ReadAction","target":["https:\/\/adilcan.pt\/pt\/contactos\/"]}]},{"@type":"BreadcrumbList","@id":"https:\/\/adilcan.pt\/pt\/contactos\/#breadcrumb","itemListElement":[{"@type":"ListItem","position":1,"name":"In\u00edcio","item":"https:\/\/adilcan.pt\/pt\/"},{"@type":"ListItem","position":2,"name":"Contactos"}]},{"@type":"WebSite","@id":"https:\/\/adilcan.pt\/pt\/#website","url":"https:\/\/adilcan.pt\/pt\/","name":"Adilcan - Asocia\u00e7\u00e3o de Desenvolvimento e Iniciativas Locais do Concelho de Ansi\u00e3o","description":"Adilcan - Associa\u00e7\u00e3o de Desenvolvimento e Iniciativas Locais do Concelho de Ansi\u00e3o","publisher":{"@id":"https:\/\/adilcan.pt\/pt\/#organization"},"potentialAction":[{"@type":"SearchAction","target":{"@type":"EntryPoint","urlTemplate":"https:\/\/adilcan.pt\/pt\/?s={search_term_string}"},"query-input":{"@type":"PropertyValueSpecification","valueRequired":true,"valueName":"search_term_string"}}],"inLanguage":"pt-PT"},{"@type":"Organization","@id":"https:\/\/adilcan.pt\/pt\/#organization","name":"Adilcan - Asocia\u00e7\u00e3o de Desenvolvimento e Iniciativas Locais do Concelho de Ansi\u00e3o","url":"https:\/\/adilcan.pt\/pt\/","logo":{"@type":"ImageObject","inLanguage":"pt-PT","@id":"https:\/\/adilcan.pt\/pt\/#\/schema\/logo\/image\/","url":"https:\/\/adilcan.pt\/pt\/wp-content\/uploads\/2024\/11\/LOGO_Adilcan.png","contentUrl":"https:\/\/adilcan.pt\/pt\/wp-content\/uploads\/2024\/11\/LOGO_Adilcan.png","width":384,"height":264,"caption":"Adilcan - Asocia\u00e7\u00e3o de Desenvolvimento e Iniciativas Locais do Concelho de Ansi\u00e3o"},"image":{"@id":"https:\/\/adilcan.pt\/pt\/#\/schema\/logo\/image\/"},"sameAs":["https:\/\/www.facebook.com\/AssDesenvIniciativasLocais"]}]}},"_links":{"self":[{"href":"https:\/\/adilcan.pt\/pt\/wp-json\/wp\/v2\/pages\/114","targetHints":{"allow":["GET"]}}],"collection":[{"href":"https:\/\/adilcan.pt\/pt\/wp-json\/wp\/v2\/pages"}],"about":[{"href":"https:\/\/adilcan.pt\/pt\/wp-json\/wp\/v2\/types\/page"}],"author":[{"embeddable":true,"href":"https:\/\/adilcan.pt\/pt\/wp-json\/wp\/v2\/users\/1"}],"replies":[{"embeddable":true,"href":"https:\/\/adilcan.pt\/pt\/wp-json\/wp\/v2\/comments?post=114"}],"version-history":[{"count":5,"href":"https:\/\/adilcan.pt\/pt\/wp-json\/wp\/v2\/pages\/114\/revisions"}],"predecessor-version":[{"id":121,"href":"https:\/\/adilcan.pt\/pt\/wp-json\/wp\/v2\/pages\/114\/revisions\/121"}],"wp:attachment":[{"href":"https:\/\/adilcan.pt\/pt\/wp-json\/wp\/v2\/media?parent=114"}],"curies":[{"name":"wp","href":"https:\/\/api.w.org\/{rel}","templated":true}]}}